{"id":58413,"date":"2025-11-26T17:38:39","date_gmt":"2025-11-26T16:38:39","guid":{"rendered":"https:\/\/www.hirtenberg-apotheke.at\/katalog\/produkt\/bios-l-arginin-400-mg-kapseln\/"},"modified":"2025-11-26T17:39:24","modified_gmt":"2025-11-26T16:39:24","slug":"bios-l-arginin-400-mg-kapseln","status":"publish","type":"product","link":"https:\/\/www.hirtenberg-apotheke.at\/katalog\/produkt\/bios-l-arginin-400-mg-kapseln\/","title":{"rendered":"Bios L-Arginin 400 mg Kapseln"},"content":{"rendered":"<p>Bios L-Arginin 400 mg Kapseln enthalten 400 mg L-Arginin in einer Hartgelatinekapsel. L-Arginin geh\u00f6rt zu den semi-essentiellen Aminos\u00e4uren und kommt vor allem in Nahrungsmitteln mit hohem Eiwei\u00dfanteil vor.<\/p>\n","protected":false},"excerpt":{"rendered":"<p>Bios L-Arginin 400 mg Kapseln enthalten 400 mg L-Arginin in einer Hartgelatinekapsel. L-Arginin geh\u00f6rt zu den semi-essentiellen Aminos\u00e4uren und kommt vor allem in Nahrungsmitteln mit hohem Eiwei\u00dfanteil vor.<\/p>\n","protected":false},"featured_media":0,"template":"","meta":{"_acf_changed":false},"product_brand":[],"product_cat":[292],"product_tag":[],"class_list":{"0":"post-58413","1":"product","2":"type-product","3":"status-publish","5":"product_cat-b","6":"pa_packungsgroesse-100-stueck","8":"first","9":"instock","10":"shipping-taxable","11":"purchasable","12":"product-type-simple"},"acf":[],"_links":{"self":[{"href":"https:\/\/www.hirtenberg-apotheke.at\/katalog\/wp-json\/wp\/v2\/product\/58413","targetHints":{"allow":["GET"]}}],"collection":[{"href":"https:\/\/www.hirtenberg-apotheke.at\/katalog\/wp-json\/wp\/v2\/product"}],"about":[{"href":"https:\/\/www.hirtenberg-apotheke.at\/katalog\/wp-json\/wp\/v2\/types\/product"}],"wp:attachment":[{"href":"https:\/\/www.hirtenberg-apotheke.at\/katalog\/wp-json\/wp\/v2\/media?parent=58413"}],"wp:term":[{"taxonomy":"product_brand","embeddable":true,"href":"https:\/\/www.hirtenberg-apotheke.at\/katalog\/wp-json\/wp\/v2\/product_brand?post=58413"},{"taxonomy":"product_cat","embeddable":true,"href":"https:\/\/www.hirtenberg-apotheke.at\/katalog\/wp-json\/wp\/v2\/product_cat?post=58413"},{"taxonomy":"product_tag","embeddable":true,"href":"https:\/\/www.hirtenberg-apotheke.at\/katalog\/wp-json\/wp\/v2\/product_tag?post=58413"}],"curies":[{"name":"wp","href":"https:\/\/api.w.org\/{rel}","templated":true}]}}