{"id":58510,"date":"2025-11-26T17:40:58","date_gmt":"2025-11-26T16:40:58","guid":{"rendered":"https:\/\/www.hirtenberg-apotheke.at\/katalog\/produkt\/nacl-09-ecolav-st-500-ml-10-stk\/"},"modified":"2025-11-26T17:41:17","modified_gmt":"2025-11-26T16:41:17","slug":"nacl-09-ecolav-st-500-ml-10-stk","status":"publish","type":"product","link":"https:\/\/www.hirtenberg-apotheke.at\/katalog\/produkt\/nacl-09-ecolav-st-500-ml-10-stk\/","title":{"rendered":"NaCl 0,9% Ecolav St 500 ml 10 Stk."},"content":{"rendered":"<p>NaCl 0,9% Ecolav steril 500 ml ist steril, pyrogenfrei und zeitsparend in der Anwendung. Die L\u00f6sung dient zum Sp\u00fclen, Reinigen und Befeuchten von Wunden und wird auch f\u00fcr die Reinigung bei der Stomaversorgung verwendet werden.<\/p>\n","protected":false},"excerpt":{"rendered":"<p>NaCl 0,9% Ecolav steril 500 ml ist steril, pyrogenfrei und zeitsparend in der Anwendung. Die L\u00f6sung dient zum Sp\u00fclen, Reinigen und Befeuchten von Wunden und wird auch f\u00fcr die Reinigung bei der Stomaversorgung verwendet werden.<\/p>\n","protected":false},"featured_media":0,"template":"","meta":{"_acf_changed":false},"product_brand":[],"product_cat":[310],"product_tag":[],"class_list":{"0":"post-58510","1":"product","2":"type-product","3":"status-publish","5":"product_cat-n","6":"pa_packungsgroesse-10-stueck","8":"first","9":"instock","10":"shipping-taxable","11":"purchasable","12":"product-type-simple"},"acf":[],"_links":{"self":[{"href":"https:\/\/www.hirtenberg-apotheke.at\/katalog\/wp-json\/wp\/v2\/product\/58510","targetHints":{"allow":["GET"]}}],"collection":[{"href":"https:\/\/www.hirtenberg-apotheke.at\/katalog\/wp-json\/wp\/v2\/product"}],"about":[{"href":"https:\/\/www.hirtenberg-apotheke.at\/katalog\/wp-json\/wp\/v2\/types\/product"}],"wp:attachment":[{"href":"https:\/\/www.hirtenberg-apotheke.at\/katalog\/wp-json\/wp\/v2\/media?parent=58510"}],"wp:term":[{"taxonomy":"product_brand","embeddable":true,"href":"https:\/\/www.hirtenberg-apotheke.at\/katalog\/wp-json\/wp\/v2\/product_brand?post=58510"},{"taxonomy":"product_cat","embeddable":true,"href":"https:\/\/www.hirtenberg-apotheke.at\/katalog\/wp-json\/wp\/v2\/product_cat?post=58510"},{"taxonomy":"product_tag","embeddable":true,"href":"https:\/\/www.hirtenberg-apotheke.at\/katalog\/wp-json\/wp\/v2\/product_tag?post=58510"}],"curies":[{"name":"wp","href":"https:\/\/api.w.org\/{rel}","templated":true}]}}