{"id":58524,"date":"2025-11-26T17:40:58","date_gmt":"2025-11-26T16:40:58","guid":{"rendered":"https:\/\/www.hirtenberg-apotheke.at\/katalog\/produkt\/kozbach-yes-fusspflegeset-3tlg-1-pkg\/"},"modified":"2025-11-26T17:41:24","modified_gmt":"2025-11-26T16:41:24","slug":"kozbach-yes-fusspflegeset-3tlg-1-pkg","status":"publish","type":"product","link":"https:\/\/www.hirtenberg-apotheke.at\/katalog\/produkt\/kozbach-yes-fusspflegeset-3tlg-1-pkg\/","title":{"rendered":"Kozbach Yes Fu\u00dfpflegeset 3TLG 1 Pkg."},"content":{"rendered":"<p>Yes Fu\u00dfpflegeset 3-teilig beinhaltet eine Keramik Fu\u00dffeile, eine Fu\u00df-Nagelfeile sowie ein Zehenspreizer. Die ideale Kombination f\u00fcr die regelm\u00e4\u00dfige Fu\u00dfpflege &#8211; online bestellen und versandkostenfreie* Lieferung nutzen!<\/p>\n","protected":false},"excerpt":{"rendered":"<p>Yes Fu\u00dfpflegeset 3-teilig beinhaltet eine Keramik Fu\u00dffeile, eine Fu\u00df-Nagelfeile sowie ein Zehenspreizer. Die ideale Kombination f\u00fcr die regelm\u00e4\u00dfige Fu\u00dfpflege &#8211; online bestellen und versandkostenfreie* Lieferung nutzen!<\/p>\n","protected":false},"featured_media":0,"template":"","meta":{"_acf_changed":false},"product_brand":[786],"product_cat":[387],"product_tag":[],"class_list":{"0":"post-58524","1":"product","2":"type-product","3":"status-publish","5":"product_brand-kozbach","6":"product_cat-k","7":"pa_packungsgroesse-482","9":"first","10":"instock","11":"shipping-taxable","12":"purchasable","13":"product-type-simple"},"acf":[],"_links":{"self":[{"href":"https:\/\/www.hirtenberg-apotheke.at\/katalog\/wp-json\/wp\/v2\/product\/58524","targetHints":{"allow":["GET"]}}],"collection":[{"href":"https:\/\/www.hirtenberg-apotheke.at\/katalog\/wp-json\/wp\/v2\/product"}],"about":[{"href":"https:\/\/www.hirtenberg-apotheke.at\/katalog\/wp-json\/wp\/v2\/types\/product"}],"wp:attachment":[{"href":"https:\/\/www.hirtenberg-apotheke.at\/katalog\/wp-json\/wp\/v2\/media?parent=58524"}],"wp:term":[{"taxonomy":"product_brand","embeddable":true,"href":"https:\/\/www.hirtenberg-apotheke.at\/katalog\/wp-json\/wp\/v2\/product_brand?post=58524"},{"taxonomy":"product_cat","embeddable":true,"href":"https:\/\/www.hirtenberg-apotheke.at\/katalog\/wp-json\/wp\/v2\/product_cat?post=58524"},{"taxonomy":"product_tag","embeddable":true,"href":"https:\/\/www.hirtenberg-apotheke.at\/katalog\/wp-json\/wp\/v2\/product_tag?post=58524"}],"curies":[{"name":"wp","href":"https:\/\/api.w.org\/{rel}","templated":true}]}}