{"id":58532,"date":"2025-11-26T17:41:23","date_gmt":"2025-11-26T16:41:23","guid":{"rendered":"https:\/\/www.hirtenberg-apotheke.at\/katalog\/produkt\/hyaluron-100mg-kapseln-2\/"},"modified":"2025-11-26T17:41:35","modified_gmt":"2025-11-26T16:41:35","slug":"hyaluron-100mg-kapseln-2","status":"publish","type":"product","link":"https:\/\/www.hirtenberg-apotheke.at\/katalog\/produkt\/hyaluron-100mg-kapseln-2\/","title":{"rendered":"Hyaluron 100mg Kapseln"},"content":{"rendered":"<p>Bios Hyaluron Kapseln 100 sind wesentlich an der Aufrechterhaltung des Feuchtigkeitshaushaltes der Haut beteiligt. Au\u00dferdem speichert Hyalurons\u00e4ure wie ein Schwamm Wasser und erh\u00f6ht somit die Spannkraft der Haut von innen heraus.<\/p>\n","protected":false},"excerpt":{"rendered":"<p>Bios Hyaluron Kapseln 100 sind wesentlich an der Aufrechterhaltung des Feuchtigkeitshaushaltes der Haut beteiligt. Au\u00dferdem speichert Hyalurons\u00e4ure wie ein Schwamm Wasser und erh\u00f6ht somit die Spannkraft der Haut von innen heraus.<\/p>\n","protected":false},"featured_media":0,"template":"","meta":{"_acf_changed":false},"product_brand":[],"product_cat":[330],"product_tag":[],"class_list":{"0":"post-58532","1":"product","2":"type-product","3":"status-publish","5":"product_cat-h","6":"pa_packungsgroesse-100-stueck","8":"first","9":"instock","10":"shipping-taxable","11":"purchasable","12":"product-type-simple"},"acf":[],"_links":{"self":[{"href":"https:\/\/www.hirtenberg-apotheke.at\/katalog\/wp-json\/wp\/v2\/product\/58532","targetHints":{"allow":["GET"]}}],"collection":[{"href":"https:\/\/www.hirtenberg-apotheke.at\/katalog\/wp-json\/wp\/v2\/product"}],"about":[{"href":"https:\/\/www.hirtenberg-apotheke.at\/katalog\/wp-json\/wp\/v2\/types\/product"}],"wp:attachment":[{"href":"https:\/\/www.hirtenberg-apotheke.at\/katalog\/wp-json\/wp\/v2\/media?parent=58532"}],"wp:term":[{"taxonomy":"product_brand","embeddable":true,"href":"https:\/\/www.hirtenberg-apotheke.at\/katalog\/wp-json\/wp\/v2\/product_brand?post=58532"},{"taxonomy":"product_cat","embeddable":true,"href":"https:\/\/www.hirtenberg-apotheke.at\/katalog\/wp-json\/wp\/v2\/product_cat?post=58532"},{"taxonomy":"product_tag","embeddable":true,"href":"https:\/\/www.hirtenberg-apotheke.at\/katalog\/wp-json\/wp\/v2\/product_tag?post=58532"}],"curies":[{"name":"wp","href":"https:\/\/api.w.org\/{rel}","templated":true}]}}