{"id":58534,"date":"2025-11-26T17:41:23","date_gmt":"2025-11-26T16:41:23","guid":{"rendered":"https:\/\/www.hirtenberg-apotheke.at\/katalog\/produkt\/the-nutri-store-lecithin-300-mg-kapseln-360-stk\/"},"modified":"2025-11-26T17:41:42","modified_gmt":"2025-11-26T16:41:42","slug":"the-nutri-store-lecithin-300-mg-kapseln-360-stk","status":"publish","type":"product","link":"https:\/\/www.hirtenberg-apotheke.at\/katalog\/produkt\/the-nutri-store-lecithin-300-mg-kapseln-360-stk\/","title":{"rendered":"The Nutri Store Lecithin 300 mg Kapseln 360 Stk."},"content":{"rendered":"<p>The Nutri Store Lecithin 300 mg Kapseln enthalten 300 mg reines Lecithin bester Qualit\u00e4t aus nicht genmanipulierten Sojabohnen. Soja-Lecithin ist sehr gut vertr\u00e4glich. Die Anwendung empfiehlt sich \u00fcber einen l\u00e4ngeren Zeitraum.<\/p>\n","protected":false},"excerpt":{"rendered":"<p>The Nutri Store Lecithin 300 mg Kapseln enthalten 300 mg reines Lecithin bester Qualit\u00e4t aus nicht genmanipulierten Sojabohnen. Soja-Lecithin ist sehr gut vertr\u00e4glich. Die Anwendung empfiehlt sich \u00fcber einen l\u00e4ngeren Zeitraum.<\/p>\n","protected":false},"featured_media":0,"template":"","meta":{"_acf_changed":false},"product_brand":[],"product_cat":[319],"product_tag":[],"class_list":{"0":"post-58534","1":"product","2":"type-product","3":"status-publish","5":"product_cat-t","6":"pa_packungsgroesse-360-stueck","8":"first","9":"instock","10":"shipping-taxable","11":"purchasable","12":"product-type-simple"},"acf":[],"_links":{"self":[{"href":"https:\/\/www.hirtenberg-apotheke.at\/katalog\/wp-json\/wp\/v2\/product\/58534","targetHints":{"allow":["GET"]}}],"collection":[{"href":"https:\/\/www.hirtenberg-apotheke.at\/katalog\/wp-json\/wp\/v2\/product"}],"about":[{"href":"https:\/\/www.hirtenberg-apotheke.at\/katalog\/wp-json\/wp\/v2\/types\/product"}],"wp:attachment":[{"href":"https:\/\/www.hirtenberg-apotheke.at\/katalog\/wp-json\/wp\/v2\/media?parent=58534"}],"wp:term":[{"taxonomy":"product_brand","embeddable":true,"href":"https:\/\/www.hirtenberg-apotheke.at\/katalog\/wp-json\/wp\/v2\/product_brand?post=58534"},{"taxonomy":"product_cat","embeddable":true,"href":"https:\/\/www.hirtenberg-apotheke.at\/katalog\/wp-json\/wp\/v2\/product_cat?post=58534"},{"taxonomy":"product_tag","embeddable":true,"href":"https:\/\/www.hirtenberg-apotheke.at\/katalog\/wp-json\/wp\/v2\/product_tag?post=58534"}],"curies":[{"name":"wp","href":"https:\/\/api.w.org\/{rel}","templated":true}]}}