{"id":58662,"date":"2025-11-26T17:43:35","date_gmt":"2025-11-26T16:43:35","guid":{"rendered":"https:\/\/www.hirtenberg-apotheke.at\/katalog\/produkt\/veroval-2in1-kombigeraet-1-stk\/"},"modified":"2025-11-26T17:44:08","modified_gmt":"2025-11-26T16:44:08","slug":"veroval-2in1-kombigeraet-1-stk","status":"publish","type":"product","link":"https:\/\/www.hirtenberg-apotheke.at\/katalog\/produkt\/veroval-2in1-kombigeraet-1-stk\/","title":{"rendered":"Veroval 2in1 Kombiger\u00e4t  1 Stk."},"content":{"rendered":"<p>Veroval 2in1 Kombiger\u00e4t ist ein mobiles EKG und Oberarm-Blutdruckmessger\u00e4t. Mit der Veroval medi.connect Software k\u00f6nnen alle EKG-Ergebnisse und Blutdruckwerte schnell und unkompliziert gespeichert und analysiert werden. Mit dem mobilen EKG-Ger\u00e4t k\u00f6nnen Sie jetzt bei Beschwerden \u00fcberall und jederzeit Ihren Herzrhythmus aufzeichnen.<\/p>\n","protected":false},"excerpt":{"rendered":"<p>Veroval 2in1 Kombiger\u00e4t ist ein mobiles EKG und Oberarm-Blutdruckmessger\u00e4t. Mit der Veroval medi.connect Software k\u00f6nnen alle EKG-Ergebnisse und Blutdruckwerte schnell und unkompliziert gespeichert und analysiert werden. Mit dem mobilen EKG-Ger\u00e4t k\u00f6nnen Sie jetzt bei Beschwerden \u00fcberall und jederzeit Ihren Herzrhythmus aufzeichnen.<\/p>\n","protected":false},"featured_media":58664,"template":"","meta":{"_acf_changed":false},"product_brand":[],"product_cat":[300],"product_tag":[],"class_list":{"0":"post-58662","1":"product","2":"type-product","3":"status-publish","4":"has-post-thumbnail","6":"product_cat-v","7":"pa_packungsgroesse-1-stueck","9":"first","10":"instock","11":"shipping-taxable","12":"purchasable","13":"product-type-simple"},"acf":[],"_links":{"self":[{"href":"https:\/\/www.hirtenberg-apotheke.at\/katalog\/wp-json\/wp\/v2\/product\/58662","targetHints":{"allow":["GET"]}}],"collection":[{"href":"https:\/\/www.hirtenberg-apotheke.at\/katalog\/wp-json\/wp\/v2\/product"}],"about":[{"href":"https:\/\/www.hirtenberg-apotheke.at\/katalog\/wp-json\/wp\/v2\/types\/product"}],"wp:featuredmedia":[{"embeddable":true,"href":"https:\/\/www.hirtenberg-apotheke.at\/katalog\/wp-json\/wp\/v2\/media\/58664"}],"wp:attachment":[{"href":"https:\/\/www.hirtenberg-apotheke.at\/katalog\/wp-json\/wp\/v2\/media?parent=58662"}],"wp:term":[{"taxonomy":"product_brand","embeddable":true,"href":"https:\/\/www.hirtenberg-apotheke.at\/katalog\/wp-json\/wp\/v2\/product_brand?post=58662"},{"taxonomy":"product_cat","embeddable":true,"href":"https:\/\/www.hirtenberg-apotheke.at\/katalog\/wp-json\/wp\/v2\/product_cat?post=58662"},{"taxonomy":"product_tag","embeddable":true,"href":"https:\/\/www.hirtenberg-apotheke.at\/katalog\/wp-json\/wp\/v2\/product_tag?post=58662"}],"curies":[{"name":"wp","href":"https:\/\/api.w.org\/{rel}","templated":true}]}}