{"id":58707,"date":"2025-11-26T17:44:29","date_gmt":"2025-11-26T16:44:29","guid":{"rendered":"https:\/\/www.hirtenberg-apotheke.at\/katalog\/produkt\/hanoju-bio-hanf-protein-pulver-300-g\/"},"modified":"2025-11-26T17:44:52","modified_gmt":"2025-11-26T16:44:52","slug":"hanoju-bio-hanf-protein-pulver-300-g","status":"publish","type":"product","link":"https:\/\/www.hirtenberg-apotheke.at\/katalog\/produkt\/hanoju-bio-hanf-protein-pulver-300-g\/","title":{"rendered":"Hanoju Bio Hanf Protein Pulver 300 g"},"content":{"rendered":"<p>Hanoju Bio Hanf Protein Pulver enth\u00e4lt Hanf, welcher sich f\u00fcr alle Altersgruppen eignet. Denn als \u00f6kologische und Ern\u00e4hrungsphysiologisch wertvolle Pflanze bietet Hanf viele Vorteile. Das Produkt enth\u00e4lt ausschlie\u00dflich biologische Inhaltsstoffe.<\/p>\n","protected":false},"excerpt":{"rendered":"<p>Hanoju Bio Hanf Protein Pulver enth\u00e4lt Hanf, welcher sich f\u00fcr alle Altersgruppen eignet. Denn als \u00f6kologische und Ern\u00e4hrungsphysiologisch wertvolle Pflanze bietet Hanf viele Vorteile. Das Produkt enth\u00e4lt ausschlie\u00dflich biologische Inhaltsstoffe.<\/p>\n","protected":false},"featured_media":58709,"template":"","meta":{"_acf_changed":false},"product_brand":[],"product_cat":[330],"product_tag":[],"class_list":{"0":"post-58707","1":"product","2":"type-product","3":"status-publish","4":"has-post-thumbnail","6":"product_cat-h","7":"pa_packungsgroesse-300g","9":"first","10":"instock","11":"shipping-taxable","12":"purchasable","13":"product-type-simple"},"acf":[],"_links":{"self":[{"href":"https:\/\/www.hirtenberg-apotheke.at\/katalog\/wp-json\/wp\/v2\/product\/58707","targetHints":{"allow":["GET"]}}],"collection":[{"href":"https:\/\/www.hirtenberg-apotheke.at\/katalog\/wp-json\/wp\/v2\/product"}],"about":[{"href":"https:\/\/www.hirtenberg-apotheke.at\/katalog\/wp-json\/wp\/v2\/types\/product"}],"wp:featuredmedia":[{"embeddable":true,"href":"https:\/\/www.hirtenberg-apotheke.at\/katalog\/wp-json\/wp\/v2\/media\/58709"}],"wp:attachment":[{"href":"https:\/\/www.hirtenberg-apotheke.at\/katalog\/wp-json\/wp\/v2\/media?parent=58707"}],"wp:term":[{"taxonomy":"product_brand","embeddable":true,"href":"https:\/\/www.hirtenberg-apotheke.at\/katalog\/wp-json\/wp\/v2\/product_brand?post=58707"},{"taxonomy":"product_cat","embeddable":true,"href":"https:\/\/www.hirtenberg-apotheke.at\/katalog\/wp-json\/wp\/v2\/product_cat?post=58707"},{"taxonomy":"product_tag","embeddable":true,"href":"https:\/\/www.hirtenberg-apotheke.at\/katalog\/wp-json\/wp\/v2\/product_tag?post=58707"}],"curies":[{"name":"wp","href":"https:\/\/api.w.org\/{rel}","templated":true}]}}