{"id":58727,"date":"2025-11-26T17:45:10","date_gmt":"2025-11-26T16:45:10","guid":{"rendered":"https:\/\/www.hirtenberg-apotheke.at\/katalog\/produkt\/madara-regenerating-night-50-ml-creme\/"},"modified":"2025-11-26T17:45:21","modified_gmt":"2025-11-26T16:45:21","slug":"madara-regenerating-night-50-ml-creme","status":"publish","type":"product","link":"https:\/\/www.hirtenberg-apotheke.at\/katalog\/produkt\/madara-regenerating-night-50-ml-creme\/","title":{"rendered":"Madara Regenerating Night 50 ml Creme"},"content":{"rendered":"<p>Madara Regenerating Night Creme ist eine regenerierende Nachtcreme, die nachweislich den Alterungsprozess Ihrer Haut verlangsamt und die Regeneration der Zellen anregt. Die wundervolle Luxuspflege gl\u00e4ttet kleinere F\u00e4ltchen und hinterl\u00e4sst eine straffe, wunderbar gepflegte Haut. Der Duft erinnert an Schmetterlingsorchideen, die im Abenddunst l\u00e4cheln \u2013 jetzt Produkte von Madara mit hohem Rabatt bestellen!<\/p>\n","protected":false},"excerpt":{"rendered":"<p>Madara Regenerating Night Creme ist eine regenerierende Nachtcreme, die nachweislich den Alterungsprozess Ihrer Haut verlangsamt und die Regeneration der Zellen anregt. Die wundervolle Luxuspflege gl\u00e4ttet kleinere F\u00e4ltchen und hinterl\u00e4sst eine straffe, wunderbar gepflegte Haut. Der Duft erinnert an Schmetterlingsorchideen, die im Abenddunst l\u00e4cheln \u2013 jetzt Produkte von Madara mit hohem Rabatt bestellen!<\/p>\n","protected":false},"featured_media":58729,"template":"","meta":{"_acf_changed":false},"product_brand":[1240],"product_cat":[308],"product_tag":[],"class_list":{"0":"post-58727","1":"product","2":"type-product","3":"status-publish","4":"has-post-thumbnail","6":"product_brand-madara","7":"product_cat-m","8":"pa_packungsgroesse-50ml","10":"first","11":"instock","12":"shipping-taxable","13":"purchasable","14":"product-type-simple"},"acf":[],"_links":{"self":[{"href":"https:\/\/www.hirtenberg-apotheke.at\/katalog\/wp-json\/wp\/v2\/product\/58727","targetHints":{"allow":["GET"]}}],"collection":[{"href":"https:\/\/www.hirtenberg-apotheke.at\/katalog\/wp-json\/wp\/v2\/product"}],"about":[{"href":"https:\/\/www.hirtenberg-apotheke.at\/katalog\/wp-json\/wp\/v2\/types\/product"}],"wp:featuredmedia":[{"embeddable":true,"href":"https:\/\/www.hirtenberg-apotheke.at\/katalog\/wp-json\/wp\/v2\/media\/58729"}],"wp:attachment":[{"href":"https:\/\/www.hirtenberg-apotheke.at\/katalog\/wp-json\/wp\/v2\/media?parent=58727"}],"wp:term":[{"taxonomy":"product_brand","embeddable":true,"href":"https:\/\/www.hirtenberg-apotheke.at\/katalog\/wp-json\/wp\/v2\/product_brand?post=58727"},{"taxonomy":"product_cat","embeddable":true,"href":"https:\/\/www.hirtenberg-apotheke.at\/katalog\/wp-json\/wp\/v2\/product_cat?post=58727"},{"taxonomy":"product_tag","embeddable":true,"href":"https:\/\/www.hirtenberg-apotheke.at\/katalog\/wp-json\/wp\/v2\/product_tag?post=58727"}],"curies":[{"name":"wp","href":"https:\/\/api.w.org\/{rel}","templated":true}]}}