{"id":58846,"date":"2025-11-26T17:46:43","date_gmt":"2025-11-26T16:46:43","guid":{"rendered":"https:\/\/www.hirtenberg-apotheke.at\/katalog\/produkt\/trocomare-kraeutermeersalz-mit-gemuese-250-g-bio\/"},"modified":"2025-11-26T17:47:57","modified_gmt":"2025-11-26T16:47:57","slug":"trocomare-kraeutermeersalz-mit-gemuese-250-g-bio","status":"publish","type":"product","link":"https:\/\/www.hirtenberg-apotheke.at\/katalog\/produkt\/trocomare-kraeutermeersalz-mit-gemuese-250-g-bio\/","title":{"rendered":"Trocomare Kr\u00e4utermeersalz mit Gem\u00fcse 250 g BIO"},"content":{"rendered":"<p>Trocomare Kr\u00e4utermeersalz mit Gem\u00fcse aus kontrolliert biologischem Anbau auch f\u00fcr die vegane K\u00fcche.<\/p>\n","protected":false},"excerpt":{"rendered":"<p>Trocomare Kr\u00e4utermeersalz mit Gem\u00fcse aus kontrolliert biologischem Anbau auch f\u00fcr die vegane K\u00fcche.<\/p>\n","protected":false},"featured_media":0,"template":"","meta":{"_acf_changed":false},"product_brand":[],"product_cat":[319],"product_tag":[],"class_list":{"0":"post-58846","1":"product","2":"type-product","3":"status-publish","5":"product_cat-t","6":"pa_packungsgroesse-250g","8":"first","9":"instock","10":"shipping-taxable","11":"purchasable","12":"product-type-simple"},"acf":[],"_links":{"self":[{"href":"https:\/\/www.hirtenberg-apotheke.at\/katalog\/wp-json\/wp\/v2\/product\/58846","targetHints":{"allow":["GET"]}}],"collection":[{"href":"https:\/\/www.hirtenberg-apotheke.at\/katalog\/wp-json\/wp\/v2\/product"}],"about":[{"href":"https:\/\/www.hirtenberg-apotheke.at\/katalog\/wp-json\/wp\/v2\/types\/product"}],"wp:attachment":[{"href":"https:\/\/www.hirtenberg-apotheke.at\/katalog\/wp-json\/wp\/v2\/media?parent=58846"}],"wp:term":[{"taxonomy":"product_brand","embeddable":true,"href":"https:\/\/www.hirtenberg-apotheke.at\/katalog\/wp-json\/wp\/v2\/product_brand?post=58846"},{"taxonomy":"product_cat","embeddable":true,"href":"https:\/\/www.hirtenberg-apotheke.at\/katalog\/wp-json\/wp\/v2\/product_cat?post=58846"},{"taxonomy":"product_tag","embeddable":true,"href":"https:\/\/www.hirtenberg-apotheke.at\/katalog\/wp-json\/wp\/v2\/product_tag?post=58846"}],"curies":[{"name":"wp","href":"https:\/\/api.w.org\/{rel}","templated":true}]}}