{"id":58863,"date":"2025-11-26T17:47:56","date_gmt":"2025-11-26T16:47:56","guid":{"rendered":"https:\/\/www.hirtenberg-apotheke.at\/katalog\/produkt\/seewald-kraeuterelixier-johanniskraut-50-ml\/"},"modified":"2025-11-26T17:48:14","modified_gmt":"2025-11-26T16:48:14","slug":"seewald-kraeuterelixier-johanniskraut-50-ml","status":"publish","type":"product","link":"https:\/\/www.hirtenberg-apotheke.at\/katalog\/produkt\/seewald-kraeuterelixier-johanniskraut-50-ml\/","title":{"rendered":"SEEWALD Kr\u00e4uterelixier Johanniskraut 50 ml"},"content":{"rendered":"<p>Das SEEWALD Kr\u00e4uterelixier ist ein Nahrungserg\u00e4nzungsmittel, dessen Zubereitung nach alter Klostertradition erfolgt. Verwendet wurde dabei die uralte wohltuende Lichtpflanze Johanniskraut. In der Mitte des Sommers, wenn die Tage am l\u00e4ngsten sind und die Lichtkr\u00e4fte am intensivsten, sammelt sie das Sonnenlicht und speichert es vor allem in den Bl\u00fcten, weshalb sich das Elixier besonders in den dunkleren Jahreszeiten oder bei tr\u00fcber Witterung eignet. Allerdings bringt es auch bei tr\u00fcben Gedanken und seelischen Belastungssituationen strahlendes und w\u00e4rmendes Licht in Leib und Seele und steigern das Wohlbefinden.<\/p>\n","protected":false},"excerpt":{"rendered":"<p>Das SEEWALD Kr\u00e4uterelixier ist ein Nahrungserg\u00e4nzungsmittel, dessen Zubereitung nach alter Klostertradition erfolgt. Verwendet wurde dabei die uralte wohltuende Lichtpflanze Johanniskraut. In der Mitte des Sommers, wenn die Tage am l\u00e4ngsten sind und die Lichtkr\u00e4fte am intensivsten, sammelt sie das Sonnenlicht und speichert es vor allem in den Bl\u00fcten, weshalb sich das Elixier besonders in den [&hellip;]<\/p>\n","protected":false},"featured_media":0,"template":"","meta":{"_acf_changed":false},"product_brand":[1057],"product_cat":[303],"product_tag":[],"class_list":{"0":"post-58863","1":"product","2":"type-product","3":"status-publish","5":"product_brand-seewald","6":"product_cat-s","7":"pa_packungsgroesse-50ml","9":"first","10":"instock","11":"shipping-taxable","12":"purchasable","13":"product-type-simple"},"acf":[],"_links":{"self":[{"href":"https:\/\/www.hirtenberg-apotheke.at\/katalog\/wp-json\/wp\/v2\/product\/58863","targetHints":{"allow":["GET"]}}],"collection":[{"href":"https:\/\/www.hirtenberg-apotheke.at\/katalog\/wp-json\/wp\/v2\/product"}],"about":[{"href":"https:\/\/www.hirtenberg-apotheke.at\/katalog\/wp-json\/wp\/v2\/types\/product"}],"wp:attachment":[{"href":"https:\/\/www.hirtenberg-apotheke.at\/katalog\/wp-json\/wp\/v2\/media?parent=58863"}],"wp:term":[{"taxonomy":"product_brand","embeddable":true,"href":"https:\/\/www.hirtenberg-apotheke.at\/katalog\/wp-json\/wp\/v2\/product_brand?post=58863"},{"taxonomy":"product_cat","embeddable":true,"href":"https:\/\/www.hirtenberg-apotheke.at\/katalog\/wp-json\/wp\/v2\/product_cat?post=58863"},{"taxonomy":"product_tag","embeddable":true,"href":"https:\/\/www.hirtenberg-apotheke.at\/katalog\/wp-json\/wp\/v2\/product_tag?post=58863"}],"curies":[{"name":"wp","href":"https:\/\/api.w.org\/{rel}","templated":true}]}}