{"id":58875,"date":"2025-11-26T17:48:24","date_gmt":"2025-11-26T16:48:24","guid":{"rendered":"https:\/\/www.hirtenberg-apotheke.at\/katalog\/produkt\/gelenk-albin-tropfen\/"},"modified":"2025-11-26T17:48:34","modified_gmt":"2025-11-26T16:48:34","slug":"gelenk-albin-tropfen","status":"publish","type":"product","link":"https:\/\/www.hirtenberg-apotheke.at\/katalog\/produkt\/gelenk-albin-tropfen\/","title":{"rendered":"Gelenk Albin Tropfen"},"content":{"rendered":"<p>Gelenk Albin\u00ae ist ein hom\u00f6opathisches Kombinationsarzneimittel zur Behandlung von rheumatischen Gelenkschmerzen und wird zur unterst\u00fctzenden Behandlung bei Gelenkentz\u00fcndungen, wie z.B. bei Gicht oder nach \u00dcberlastung angewendet. Gelenk Albin\u00ae kombiniert die hom\u00f6opathische Heilkraft von f\u00fcnf Wirkstoffen pflanzlichen Ursprungs: Colchicum, die Herbstzeitlose (Colchicum autumnale), essentielle Alkaloide, Saponine sowie Flavonoide aus der Wurzel des Christophskrautes (Actaea spicata), schmerzstillende Salicyls\u00e4ure aus M\u00e4des\u00fc\u00df (Spiraea ulmaria), Inhaltsstoffe der Tollr\u00fcbe (Bryonia) und der Weinraute (Ruta graveolens) .<\/p>\n","protected":false},"excerpt":{"rendered":"<p>Gelenk Albin\u00ae ist ein hom\u00f6opathisches Kombinationsarzneimittel zur Behandlung von rheumatischen Gelenkschmerzen und wird zur unterst\u00fctzenden Behandlung bei Gelenkentz\u00fcndungen, wie z.B. bei Gicht oder nach \u00dcberlastung angewendet. Gelenk Albin\u00ae kombiniert die hom\u00f6opathische Heilkraft von f\u00fcnf Wirkstoffen pflanzlichen Ursprungs: Colchicum, die Herbstzeitlose (Colchicum autumnale), essentielle Alkaloide, Saponine sowie Flavonoide aus der Wurzel des Christophskrautes (Actaea spicata), schmerzstillende [&hellip;]<\/p>\n","protected":false},"featured_media":58877,"template":"","meta":{"_acf_changed":false},"product_brand":[],"product_cat":[328],"product_tag":[],"class_list":{"0":"post-58875","1":"product","2":"type-product","3":"status-publish","4":"has-post-thumbnail","6":"product_cat-g","7":"pa_packungsgroesse-50ml","9":"first","10":"instock","11":"shipping-taxable","12":"purchasable","13":"product-type-simple"},"acf":[],"_links":{"self":[{"href":"https:\/\/www.hirtenberg-apotheke.at\/katalog\/wp-json\/wp\/v2\/product\/58875","targetHints":{"allow":["GET"]}}],"collection":[{"href":"https:\/\/www.hirtenberg-apotheke.at\/katalog\/wp-json\/wp\/v2\/product"}],"about":[{"href":"https:\/\/www.hirtenberg-apotheke.at\/katalog\/wp-json\/wp\/v2\/types\/product"}],"wp:featuredmedia":[{"embeddable":true,"href":"https:\/\/www.hirtenberg-apotheke.at\/katalog\/wp-json\/wp\/v2\/media\/58877"}],"wp:attachment":[{"href":"https:\/\/www.hirtenberg-apotheke.at\/katalog\/wp-json\/wp\/v2\/media?parent=58875"}],"wp:term":[{"taxonomy":"product_brand","embeddable":true,"href":"https:\/\/www.hirtenberg-apotheke.at\/katalog\/wp-json\/wp\/v2\/product_brand?post=58875"},{"taxonomy":"product_cat","embeddable":true,"href":"https:\/\/www.hirtenberg-apotheke.at\/katalog\/wp-json\/wp\/v2\/product_cat?post=58875"},{"taxonomy":"product_tag","embeddable":true,"href":"https:\/\/www.hirtenberg-apotheke.at\/katalog\/wp-json\/wp\/v2\/product_tag?post=58875"}],"curies":[{"name":"wp","href":"https:\/\/api.w.org\/{rel}","templated":true}]}}