{"id":58889,"date":"2025-11-26T17:48:24","date_gmt":"2025-11-26T16:48:24","guid":{"rendered":"https:\/\/www.hirtenberg-apotheke.at\/katalog\/produkt\/rausch-amaranth-repair-spuelung-30-ml\/"},"modified":"2025-11-26T17:48:43","modified_gmt":"2025-11-26T16:48:43","slug":"rausch-amaranth-repair-spuelung-30-ml","status":"publish","type":"product","link":"https:\/\/www.hirtenberg-apotheke.at\/katalog\/produkt\/rausch-amaranth-repair-spuelung-30-ml\/","title":{"rendered":"Rausch Amaranth Repair Sp\u00fclung 30 ml"},"content":{"rendered":"<p>RAUSCH Amaranth Repair-Sp\u00fclung verleiht gesch\u00e4digtem Haar Geschmeidigkeit und Glanz, gleicht por\u00f6se Stellen in der Haarstruktur aus und l\u00e4sst das Haar an Elastizit\u00e4t gewinnen. Ein bezauberndes Duft- und Frische-Erlebnis mit ausgew\u00e4hlten Extrakten aus Quinoa, Kamillenbl\u00fcten sowie mit wertvollem Amaranth-\u00d6l. Frei von Silikonen und Parabenen.<\/p>\n","protected":false},"excerpt":{"rendered":"<p>RAUSCH Amaranth Repair-Sp\u00fclung verleiht gesch\u00e4digtem Haar Geschmeidigkeit und Glanz, gleicht por\u00f6se Stellen in der Haarstruktur aus und l\u00e4sst das Haar an Elastizit\u00e4t gewinnen. Ein bezauberndes Duft- und Frische-Erlebnis mit ausgew\u00e4hlten Extrakten aus Quinoa, Kamillenbl\u00fcten sowie mit wertvollem Amaranth-\u00d6l. Frei von Silikonen und Parabenen.<\/p>\n","protected":false},"featured_media":58891,"template":"","meta":{"_acf_changed":false},"product_brand":[638],"product_cat":[311],"product_tag":[],"class_list":{"0":"post-58889","1":"product","2":"type-product","3":"status-publish","4":"has-post-thumbnail","6":"product_brand-rausch","7":"product_cat-r","8":"pa_packungsgroesse-30ml","10":"first","11":"instock","12":"shipping-taxable","13":"purchasable","14":"product-type-simple"},"acf":[],"_links":{"self":[{"href":"https:\/\/www.hirtenberg-apotheke.at\/katalog\/wp-json\/wp\/v2\/product\/58889","targetHints":{"allow":["GET"]}}],"collection":[{"href":"https:\/\/www.hirtenberg-apotheke.at\/katalog\/wp-json\/wp\/v2\/product"}],"about":[{"href":"https:\/\/www.hirtenberg-apotheke.at\/katalog\/wp-json\/wp\/v2\/types\/product"}],"wp:featuredmedia":[{"embeddable":true,"href":"https:\/\/www.hirtenberg-apotheke.at\/katalog\/wp-json\/wp\/v2\/media\/58891"}],"wp:attachment":[{"href":"https:\/\/www.hirtenberg-apotheke.at\/katalog\/wp-json\/wp\/v2\/media?parent=58889"}],"wp:term":[{"taxonomy":"product_brand","embeddable":true,"href":"https:\/\/www.hirtenberg-apotheke.at\/katalog\/wp-json\/wp\/v2\/product_brand?post=58889"},{"taxonomy":"product_cat","embeddable":true,"href":"https:\/\/www.hirtenberg-apotheke.at\/katalog\/wp-json\/wp\/v2\/product_cat?post=58889"},{"taxonomy":"product_tag","embeddable":true,"href":"https:\/\/www.hirtenberg-apotheke.at\/katalog\/wp-json\/wp\/v2\/product_tag?post=58889"}],"curies":[{"name":"wp","href":"https:\/\/api.w.org\/{rel}","templated":true}]}}