{"id":58939,"date":"2025-11-26T17:49:39","date_gmt":"2025-11-26T16:49:39","guid":{"rendered":"https:\/\/www.hirtenberg-apotheke.at\/katalog\/produkt\/vaterschafts-test-set-basu-3-stueck-1-pkg\/"},"modified":"2025-11-26T17:49:41","modified_gmt":"2025-11-26T16:49:41","slug":"vaterschafts-test-set-basu-3-stueck-1-pkg","status":"publish","type":"product","link":"https:\/\/www.hirtenberg-apotheke.at\/katalog\/produkt\/vaterschafts-test-set-basu-3-stueck-1-pkg\/","title":{"rendered":"Vaterschafts-Test Set Basu 3 St\u00fcck 1 Pkg."},"content":{"rendered":"<p>Vaterschafts-Test Set Basu 3 St\u00fcck ist eine einfache, sichere und standardisierte molekulargenetische Methode, mit der es eindeutig m\u00f6glich ist, die Vaterschaft entweder zu best\u00e4tigen oder auszuschliessen.<\/p>\n","protected":false},"excerpt":{"rendered":"<p>Vaterschafts-Test Set Basu 3 St\u00fcck ist eine einfache, sichere und standardisierte molekulargenetische Methode, mit der es eindeutig m\u00f6glich ist, die Vaterschaft entweder zu best\u00e4tigen oder auszuschliessen.<\/p>\n","protected":false},"featured_media":0,"template":"","meta":{"_acf_changed":false},"product_brand":[],"product_cat":[300],"product_tag":[],"class_list":{"0":"post-58939","1":"product","2":"type-product","3":"status-publish","5":"product_cat-v","6":"pa_packungsgroesse-1-stueck","8":"first","9":"instock","10":"shipping-taxable","11":"purchasable","12":"product-type-simple"},"acf":[],"_links":{"self":[{"href":"https:\/\/www.hirtenberg-apotheke.at\/katalog\/wp-json\/wp\/v2\/product\/58939","targetHints":{"allow":["GET"]}}],"collection":[{"href":"https:\/\/www.hirtenberg-apotheke.at\/katalog\/wp-json\/wp\/v2\/product"}],"about":[{"href":"https:\/\/www.hirtenberg-apotheke.at\/katalog\/wp-json\/wp\/v2\/types\/product"}],"wp:attachment":[{"href":"https:\/\/www.hirtenberg-apotheke.at\/katalog\/wp-json\/wp\/v2\/media?parent=58939"}],"wp:term":[{"taxonomy":"product_brand","embeddable":true,"href":"https:\/\/www.hirtenberg-apotheke.at\/katalog\/wp-json\/wp\/v2\/product_brand?post=58939"},{"taxonomy":"product_cat","embeddable":true,"href":"https:\/\/www.hirtenberg-apotheke.at\/katalog\/wp-json\/wp\/v2\/product_cat?post=58939"},{"taxonomy":"product_tag","embeddable":true,"href":"https:\/\/www.hirtenberg-apotheke.at\/katalog\/wp-json\/wp\/v2\/product_tag?post=58939"}],"curies":[{"name":"wp","href":"https:\/\/api.w.org\/{rel}","templated":true}]}}