{"id":58946,"date":"2025-11-26T17:49:39","date_gmt":"2025-11-26T16:49:39","guid":{"rendered":"https:\/\/www.hirtenberg-apotheke.at\/katalog\/produkt\/sinoplasan-polypass-forte\/"},"modified":"2025-11-26T17:49:47","modified_gmt":"2025-11-26T16:49:47","slug":"sinoplasan-polypass-forte","status":"publish","type":"product","link":"https:\/\/www.hirtenberg-apotheke.at\/katalog\/produkt\/sinoplasan-polypass-forte\/","title":{"rendered":"Sinoplasan Polypass FORTE"},"content":{"rendered":"<p>+ Vitamin B12<br \/>+ Olivenblatt-Extrakt<br \/>2 Kapseln (Tagesdosis) enthalten 20 Milliarden des Lactobacillus reuteri DSM17648 (Pylopass\u2122) inaktiviert, 1600 % der empfohlenen Tagesdosis an VitaminB12, sowie Olivenblatt-Extrakt<br \/>ohne Farb-, Geschmacks- und Konservierungsstoffe<br \/>Vitamin B12 tr\u00e4gt zur Minderung der M\u00fcdigkeit sowie zur Bildung roterBlutk\u00f6rperchen, zu einem normalen Energiestoffwechsel, zu einer normalenFunktion des Nervensystems und der Psyche sowie zu einem normalenHomocystein-Stoffwechsel bei.<br \/>Durch st\u00e4ndige Analyse qualit\u00e4ts\u00fcberwacht und -garantiert. <br \/>Frei von Gluten, Lactose und Fructose. Frei von Farb-, Geschmacks- undKonservierungsstoffen. Pflanzliche Kapselh\u00fclle<\/p>\n","protected":false},"excerpt":{"rendered":"<p>+ Vitamin B12+ Olivenblatt-Extrakt2 Kapseln (Tagesdosis) enthalten 20 Milliarden des Lactobacillus reuteri DSM17648 (Pylopass\u2122) inaktiviert, 1600 % der empfohlenen Tagesdosis an VitaminB12, sowie Olivenblatt-Extraktohne Farb-, Geschmacks- und KonservierungsstoffeVitamin B12 tr\u00e4gt zur Minderung der M\u00fcdigkeit sowie zur Bildung roterBlutk\u00f6rperchen, zu einem normalen Energiestoffwechsel, zu einer normalenFunktion des Nervensystems und der Psyche sowie zu einem normalenHomocystein-Stoffwechsel bei.Durch [&hellip;]<\/p>\n","protected":false},"featured_media":58948,"template":"","meta":{"_acf_changed":false},"product_brand":[],"product_cat":[303],"product_tag":[],"class_list":{"0":"post-58946","1":"product","2":"type-product","3":"status-publish","4":"has-post-thumbnail","6":"product_cat-s","7":"pa_farbe-hellbraun","8":"pa_geschmack-neutral","9":"pa_packungsgroesse-60-stueck","11":"first","12":"instock","13":"shipping-taxable","14":"purchasable","15":"product-type-simple"},"acf":[],"_links":{"self":[{"href":"https:\/\/www.hirtenberg-apotheke.at\/katalog\/wp-json\/wp\/v2\/product\/58946","targetHints":{"allow":["GET"]}}],"collection":[{"href":"https:\/\/www.hirtenberg-apotheke.at\/katalog\/wp-json\/wp\/v2\/product"}],"about":[{"href":"https:\/\/www.hirtenberg-apotheke.at\/katalog\/wp-json\/wp\/v2\/types\/product"}],"wp:featuredmedia":[{"embeddable":true,"href":"https:\/\/www.hirtenberg-apotheke.at\/katalog\/wp-json\/wp\/v2\/media\/58948"}],"wp:attachment":[{"href":"https:\/\/www.hirtenberg-apotheke.at\/katalog\/wp-json\/wp\/v2\/media?parent=58946"}],"wp:term":[{"taxonomy":"product_brand","embeddable":true,"href":"https:\/\/www.hirtenberg-apotheke.at\/katalog\/wp-json\/wp\/v2\/product_brand?post=58946"},{"taxonomy":"product_cat","embeddable":true,"href":"https:\/\/www.hirtenberg-apotheke.at\/katalog\/wp-json\/wp\/v2\/product_cat?post=58946"},{"taxonomy":"product_tag","embeddable":true,"href":"https:\/\/www.hirtenberg-apotheke.at\/katalog\/wp-json\/wp\/v2\/product_tag?post=58946"}],"curies":[{"name":"wp","href":"https:\/\/api.w.org\/{rel}","templated":true}]}}