{"id":58960,"date":"2025-11-26T17:49:39","date_gmt":"2025-11-26T16:49:39","guid":{"rendered":"https:\/\/www.hirtenberg-apotheke.at\/katalog\/produkt\/kneipp-cremedusche-winterpflege-200-ml\/"},"modified":"2025-11-26T17:50:12","modified_gmt":"2025-11-26T16:50:12","slug":"kneipp-cremedusche-winterpflege-200-ml","status":"publish","type":"product","link":"https:\/\/www.hirtenberg-apotheke.at\/katalog\/produkt\/kneipp-cremedusche-winterpflege-200-ml\/","title":{"rendered":"Kneipp Cremedusche Winterpflege 200 ml"},"content":{"rendered":"<p>Kneipp Cremedusche Winterpflege 200 ml verw\u00f6hnt Sie in den kalten Tagen. Nach einem langen Spaziergang in der kalten Winterluft gibt es nichts Sch\u00f6neres als eine hei\u00dfe Dusche und den wohlig-warmen Duft, der die Seele streichelt. Die milde Cremedusche mit dem wertvollem \u00d6l der Cupuacu-Nuss und Vanilleextrakt reinigt sanft die Haut und hinterl\u00e4sst ein samtig-weiches Hautgef\u00fchl.<\/p>\n","protected":false},"excerpt":{"rendered":"<p>Kneipp Cremedusche Winterpflege 200 ml verw\u00f6hnt Sie in den kalten Tagen. Nach einem langen Spaziergang in der kalten Winterluft gibt es nichts Sch\u00f6neres als eine hei\u00dfe Dusche und den wohlig-warmen Duft, der die Seele streichelt. Die milde Cremedusche mit dem wertvollem \u00d6l der Cupuacu-Nuss und Vanilleextrakt reinigt sanft die Haut und hinterl\u00e4sst ein samtig-weiches Hautgef\u00fchl.<\/p>\n","protected":false},"featured_media":58962,"template":"","meta":{"_acf_changed":false},"product_brand":[680],"product_cat":[387],"product_tag":[],"class_list":{"0":"post-58960","1":"product","2":"type-product","3":"status-publish","4":"has-post-thumbnail","6":"product_brand-kneipp","7":"product_cat-k","8":"pa_packungsgroesse-200ml","10":"first","11":"instock","12":"shipping-taxable","13":"purchasable","14":"product-type-simple"},"acf":[],"_links":{"self":[{"href":"https:\/\/www.hirtenberg-apotheke.at\/katalog\/wp-json\/wp\/v2\/product\/58960","targetHints":{"allow":["GET"]}}],"collection":[{"href":"https:\/\/www.hirtenberg-apotheke.at\/katalog\/wp-json\/wp\/v2\/product"}],"about":[{"href":"https:\/\/www.hirtenberg-apotheke.at\/katalog\/wp-json\/wp\/v2\/types\/product"}],"wp:featuredmedia":[{"embeddable":true,"href":"https:\/\/www.hirtenberg-apotheke.at\/katalog\/wp-json\/wp\/v2\/media\/58962"}],"wp:attachment":[{"href":"https:\/\/www.hirtenberg-apotheke.at\/katalog\/wp-json\/wp\/v2\/media?parent=58960"}],"wp:term":[{"taxonomy":"product_brand","embeddable":true,"href":"https:\/\/www.hirtenberg-apotheke.at\/katalog\/wp-json\/wp\/v2\/product_brand?post=58960"},{"taxonomy":"product_cat","embeddable":true,"href":"https:\/\/www.hirtenberg-apotheke.at\/katalog\/wp-json\/wp\/v2\/product_cat?post=58960"},{"taxonomy":"product_tag","embeddable":true,"href":"https:\/\/www.hirtenberg-apotheke.at\/katalog\/wp-json\/wp\/v2\/product_tag?post=58960"}],"curies":[{"name":"wp","href":"https:\/\/api.w.org\/{rel}","templated":true}]}}