{"id":58981,"date":"2025-11-26T17:50:18","date_gmt":"2025-11-26T16:50:18","guid":{"rendered":"https:\/\/www.hirtenberg-apotheke.at\/katalog\/produkt\/micral-test-30-stk\/"},"modified":"2025-11-26T17:50:42","modified_gmt":"2025-11-26T16:50:42","slug":"micral-test-30-stk","status":"publish","type":"product","link":"https:\/\/www.hirtenberg-apotheke.at\/katalog\/produkt\/micral-test-30-stk\/","title":{"rendered":"Micral Test 30 Stk."},"content":{"rendered":"<p>Micral-Test weist auf einfache Art bereits geringste Mengen des speziellen Eiwei\u00dfes Albumin im Urin nach. So lassen sich m\u00f6gliche St\u00f6rungen der Nierenfunktion zu einem sehr fr\u00fchen Zeitpunkt erkennen, um entsprechende Ma\u00dfnahmen rechtzeitig einzuleiten.<\/p>\n","protected":false},"excerpt":{"rendered":"<p>Micral-Test weist auf einfache Art bereits geringste Mengen des speziellen Eiwei\u00dfes Albumin im Urin nach. So lassen sich m\u00f6gliche St\u00f6rungen der Nierenfunktion zu einem sehr fr\u00fchen Zeitpunkt erkennen, um entsprechende Ma\u00dfnahmen rechtzeitig einzuleiten.<\/p>\n","protected":false},"featured_media":58983,"template":"","meta":{"_acf_changed":false},"product_brand":[],"product_cat":[308],"product_tag":[],"class_list":{"0":"post-58981","1":"product","2":"type-product","3":"status-publish","4":"has-post-thumbnail","6":"product_cat-m","7":"pa_packungsgroesse-30-stueck","9":"first","10":"instock","11":"shipping-taxable","12":"purchasable","13":"product-type-simple"},"acf":[],"_links":{"self":[{"href":"https:\/\/www.hirtenberg-apotheke.at\/katalog\/wp-json\/wp\/v2\/product\/58981","targetHints":{"allow":["GET"]}}],"collection":[{"href":"https:\/\/www.hirtenberg-apotheke.at\/katalog\/wp-json\/wp\/v2\/product"}],"about":[{"href":"https:\/\/www.hirtenberg-apotheke.at\/katalog\/wp-json\/wp\/v2\/types\/product"}],"wp:featuredmedia":[{"embeddable":true,"href":"https:\/\/www.hirtenberg-apotheke.at\/katalog\/wp-json\/wp\/v2\/media\/58983"}],"wp:attachment":[{"href":"https:\/\/www.hirtenberg-apotheke.at\/katalog\/wp-json\/wp\/v2\/media?parent=58981"}],"wp:term":[{"taxonomy":"product_brand","embeddable":true,"href":"https:\/\/www.hirtenberg-apotheke.at\/katalog\/wp-json\/wp\/v2\/product_brand?post=58981"},{"taxonomy":"product_cat","embeddable":true,"href":"https:\/\/www.hirtenberg-apotheke.at\/katalog\/wp-json\/wp\/v2\/product_cat?post=58981"},{"taxonomy":"product_tag","embeddable":true,"href":"https:\/\/www.hirtenberg-apotheke.at\/katalog\/wp-json\/wp\/v2\/product_tag?post=58981"}],"curies":[{"name":"wp","href":"https:\/\/api.w.org\/{rel}","templated":true}]}}