{"id":59075,"date":"2025-11-26T17:52:29","date_gmt":"2025-11-26T16:52:29","guid":{"rendered":"https:\/\/www.hirtenberg-apotheke.at\/katalog\/produkt\/vea-bua-basisoel-spray-50-ml\/"},"modified":"2025-11-26T17:52:39","modified_gmt":"2025-11-26T16:52:39","slug":"vea-bua-basisoel-spray-50-ml","status":"publish","type":"product","link":"https:\/\/www.hirtenberg-apotheke.at\/katalog\/produkt\/vea-bua-basisoel-spray-50-ml\/","title":{"rendered":"Vea Bua Basis\u00f6l Spray 50 ml"},"content":{"rendered":"<p>Vea Bua Basis\u00f6l Spray unterst\u00fctzt die Barrierefunktion der Haut und lindert Juckreiz, es besticht au\u00dferdem mit seiner feuchtigkeitsspendenden Wirkung und wirkt sch\u00fctzend, oxidatoinshemmend und sch\u00fctzt vor freien Radikalen.<\/p>\n","protected":false},"excerpt":{"rendered":"<p>Vea Bua Basis\u00f6l Spray unterst\u00fctzt die Barrierefunktion der Haut und lindert Juckreiz, es besticht au\u00dferdem mit seiner feuchtigkeitsspendenden Wirkung und wirkt sch\u00fctzend, oxidatoinshemmend und sch\u00fctzt vor freien Radikalen.<\/p>\n","protected":false},"featured_media":0,"template":"","meta":{"_acf_changed":false},"product_brand":[],"product_cat":[300],"product_tag":[],"class_list":{"0":"post-59075","1":"product","2":"type-product","3":"status-publish","5":"product_cat-v","6":"pa_packungsgroesse-50ml","8":"first","9":"instock","10":"shipping-taxable","11":"purchasable","12":"product-type-simple"},"acf":[],"_links":{"self":[{"href":"https:\/\/www.hirtenberg-apotheke.at\/katalog\/wp-json\/wp\/v2\/product\/59075","targetHints":{"allow":["GET"]}}],"collection":[{"href":"https:\/\/www.hirtenberg-apotheke.at\/katalog\/wp-json\/wp\/v2\/product"}],"about":[{"href":"https:\/\/www.hirtenberg-apotheke.at\/katalog\/wp-json\/wp\/v2\/types\/product"}],"wp:attachment":[{"href":"https:\/\/www.hirtenberg-apotheke.at\/katalog\/wp-json\/wp\/v2\/media?parent=59075"}],"wp:term":[{"taxonomy":"product_brand","embeddable":true,"href":"https:\/\/www.hirtenberg-apotheke.at\/katalog\/wp-json\/wp\/v2\/product_brand?post=59075"},{"taxonomy":"product_cat","embeddable":true,"href":"https:\/\/www.hirtenberg-apotheke.at\/katalog\/wp-json\/wp\/v2\/product_cat?post=59075"},{"taxonomy":"product_tag","embeddable":true,"href":"https:\/\/www.hirtenberg-apotheke.at\/katalog\/wp-json\/wp\/v2\/product_tag?post=59075"}],"curies":[{"name":"wp","href":"https:\/\/api.w.org\/{rel}","templated":true}]}}