{"id":59179,"date":"2025-11-26T17:54:40","date_gmt":"2025-11-26T16:54:40","guid":{"rendered":"https:\/\/www.hirtenberg-apotheke.at\/katalog\/produkt\/gingko-100mg-kapseln-2\/"},"modified":"2025-11-26T17:54:52","modified_gmt":"2025-11-26T16:54:52","slug":"gingko-100mg-kapseln-2","status":"publish","type":"product","link":"https:\/\/www.hirtenberg-apotheke.at\/katalog\/produkt\/gingko-100mg-kapseln-2\/","title":{"rendered":"Gingko 100mg Kapseln"},"content":{"rendered":"<p>Gall Pharma Ginkgo 100 mg Kapseln enthalten 100 mg Ginkgo biloba Bl\u00e4tterextrakt in einer Hartgelatinekapsel. Die im Extrakt enthaltenen Flavonoide sind aktive Stoffe, die die Blutzirkulation in den tiefliegenden kleinen und mittelgro\u00dfen Blutgef\u00e4\u00dfen f\u00f6rdern. Insbesondere die Gehirnzellen empfangen somit mehr Sauerstoff und Zucker, notwendige Faktoren um Energie zu schaffen. Dieses Produkt ist in den Packungsgr\u00f6\u00dfen 30, 60 und 120 St\u00fcck erh\u00e4ltlich.<\/p>\n","protected":false},"excerpt":{"rendered":"<p>Gall Pharma Ginkgo 100 mg Kapseln enthalten 100 mg Ginkgo biloba Bl\u00e4tterextrakt in einer Hartgelatinekapsel. Die im Extrakt enthaltenen Flavonoide sind aktive Stoffe, die die Blutzirkulation in den tiefliegenden kleinen und mittelgro\u00dfen Blutgef\u00e4\u00dfen f\u00f6rdern. Insbesondere die Gehirnzellen empfangen somit mehr Sauerstoff und Zucker, notwendige Faktoren um Energie zu schaffen. Dieses Produkt ist in den Packungsgr\u00f6\u00dfen [&hellip;]<\/p>\n","protected":false},"featured_media":59181,"template":"","meta":{"_acf_changed":false},"product_brand":[316],"product_cat":[328],"product_tag":[],"class_list":{"0":"post-59179","1":"product","2":"type-product","3":"status-publish","4":"has-post-thumbnail","6":"product_brand-gall-pharma","7":"product_cat-g","8":"pa_packungsgroesse-120-stueck","10":"first","11":"instock","12":"shipping-taxable","13":"purchasable","14":"product-type-simple"},"acf":[],"_links":{"self":[{"href":"https:\/\/www.hirtenberg-apotheke.at\/katalog\/wp-json\/wp\/v2\/product\/59179","targetHints":{"allow":["GET"]}}],"collection":[{"href":"https:\/\/www.hirtenberg-apotheke.at\/katalog\/wp-json\/wp\/v2\/product"}],"about":[{"href":"https:\/\/www.hirtenberg-apotheke.at\/katalog\/wp-json\/wp\/v2\/types\/product"}],"wp:featuredmedia":[{"embeddable":true,"href":"https:\/\/www.hirtenberg-apotheke.at\/katalog\/wp-json\/wp\/v2\/media\/59181"}],"wp:attachment":[{"href":"https:\/\/www.hirtenberg-apotheke.at\/katalog\/wp-json\/wp\/v2\/media?parent=59179"}],"wp:term":[{"taxonomy":"product_brand","embeddable":true,"href":"https:\/\/www.hirtenberg-apotheke.at\/katalog\/wp-json\/wp\/v2\/product_brand?post=59179"},{"taxonomy":"product_cat","embeddable":true,"href":"https:\/\/www.hirtenberg-apotheke.at\/katalog\/wp-json\/wp\/v2\/product_cat?post=59179"},{"taxonomy":"product_tag","embeddable":true,"href":"https:\/\/www.hirtenberg-apotheke.at\/katalog\/wp-json\/wp\/v2\/product_tag?post=59179"}],"curies":[{"name":"wp","href":"https:\/\/api.w.org\/{rel}","templated":true}]}}