{"id":59264,"date":"2025-11-26T17:56:19","date_gmt":"2025-11-26T16:56:19","guid":{"rendered":"https:\/\/www.hirtenberg-apotheke.at\/katalog\/produkt\/multinova-auricularia-kapseln-60-stk-bio\/"},"modified":"2025-11-26T17:56:27","modified_gmt":"2025-11-26T16:56:27","slug":"multinova-auricularia-kapseln-60-stk-bio","status":"publish","type":"product","link":"https:\/\/www.hirtenberg-apotheke.at\/katalog\/produkt\/multinova-auricularia-kapseln-60-stk-bio\/","title":{"rendered":"Multinova Auricularia Kapseln 60 Stk. BIO"},"content":{"rendered":"<p>Multinova Auricularia Extrakt Kapseln gelten durch da in ihnen enthaltene Adenosin als blutverd\u00fcnnend und regen die Durchblutung an. Somit wirken sie sich vitalisierend auf den ganzen K\u00f6rper aus. Das Produkt enth\u00e4lt teilweise biologische Inhaltsstoffe.<\/p>\n","protected":false},"excerpt":{"rendered":"<p>Multinova Auricularia Extrakt Kapseln gelten durch da in ihnen enthaltene Adenosin als blutverd\u00fcnnend und regen die Durchblutung an. Somit wirken sie sich vitalisierend auf den ganzen K\u00f6rper aus. Das Produkt enth\u00e4lt teilweise biologische Inhaltsstoffe.<\/p>\n","protected":false},"featured_media":0,"template":"","meta":{"_acf_changed":false},"product_brand":[],"product_cat":[308],"product_tag":[],"class_list":{"0":"post-59264","1":"product","2":"type-product","3":"status-publish","5":"product_cat-m","6":"pa_packungsgroesse-60-stueck","8":"first","9":"instock","10":"shipping-taxable","11":"purchasable","12":"product-type-simple"},"acf":[],"_links":{"self":[{"href":"https:\/\/www.hirtenberg-apotheke.at\/katalog\/wp-json\/wp\/v2\/product\/59264","targetHints":{"allow":["GET"]}}],"collection":[{"href":"https:\/\/www.hirtenberg-apotheke.at\/katalog\/wp-json\/wp\/v2\/product"}],"about":[{"href":"https:\/\/www.hirtenberg-apotheke.at\/katalog\/wp-json\/wp\/v2\/types\/product"}],"wp:attachment":[{"href":"https:\/\/www.hirtenberg-apotheke.at\/katalog\/wp-json\/wp\/v2\/media?parent=59264"}],"wp:term":[{"taxonomy":"product_brand","embeddable":true,"href":"https:\/\/www.hirtenberg-apotheke.at\/katalog\/wp-json\/wp\/v2\/product_brand?post=59264"},{"taxonomy":"product_cat","embeddable":true,"href":"https:\/\/www.hirtenberg-apotheke.at\/katalog\/wp-json\/wp\/v2\/product_cat?post=59264"},{"taxonomy":"product_tag","embeddable":true,"href":"https:\/\/www.hirtenberg-apotheke.at\/katalog\/wp-json\/wp\/v2\/product_tag?post=59264"}],"curies":[{"name":"wp","href":"https:\/\/api.w.org\/{rel}","templated":true}]}}