{"id":59280,"date":"2025-11-26T17:56:19","date_gmt":"2025-11-26T16:56:19","guid":{"rendered":"https:\/\/www.hirtenberg-apotheke.at\/katalog\/produkt\/leucin-500mg-kapseln-2\/"},"modified":"2025-11-26T17:56:38","modified_gmt":"2025-11-26T16:56:38","slug":"leucin-500mg-kapseln-2","status":"publish","type":"product","link":"https:\/\/www.hirtenberg-apotheke.at\/katalog\/produkt\/leucin-500mg-kapseln-2\/","title":{"rendered":"Leucin 500mg Kapseln"},"content":{"rendered":"<p>Gall Pharma Leucin 500 mg Kapseln 120 Stk. sind beudeutend f\u00fcr die Regeneration und Erhaltung des Muskelgewebes bei k\u00f6rperlicher Belastung. Leucin ist nicht nur bei intensivem Sport, besonders Ausdauersport aber auch Gewichttraining, eine wahre Energiequelle sondern auch bei erh\u00f6htem psychischem Stress sowie Entz\u00fcndungen, Fieber, Infektionen und andere Krankheiten ist eine Erg\u00e4nzung der Nahrung mit L-Leucin sinnvoll.<\/p>\n","protected":false},"excerpt":{"rendered":"<p>Gall Pharma Leucin 500 mg Kapseln 120 Stk. sind beudeutend f\u00fcr die Regeneration und Erhaltung des Muskelgewebes bei k\u00f6rperlicher Belastung. Leucin ist nicht nur bei intensivem Sport, besonders Ausdauersport aber auch Gewichttraining, eine wahre Energiequelle sondern auch bei erh\u00f6htem psychischem Stress sowie Entz\u00fcndungen, Fieber, Infektionen und andere Krankheiten ist eine Erg\u00e4nzung der Nahrung mit L-Leucin [&hellip;]<\/p>\n","protected":false},"featured_media":0,"template":"","meta":{"_acf_changed":false},"product_brand":[316],"product_cat":[317],"product_tag":[],"class_list":{"0":"post-59280","1":"product","2":"type-product","3":"status-publish","5":"product_brand-gall-pharma","6":"product_cat-l","7":"pa_packungsgroesse-120-stueck","9":"first","10":"instock","11":"shipping-taxable","12":"purchasable","13":"product-type-simple"},"acf":[],"_links":{"self":[{"href":"https:\/\/www.hirtenberg-apotheke.at\/katalog\/wp-json\/wp\/v2\/product\/59280","targetHints":{"allow":["GET"]}}],"collection":[{"href":"https:\/\/www.hirtenberg-apotheke.at\/katalog\/wp-json\/wp\/v2\/product"}],"about":[{"href":"https:\/\/www.hirtenberg-apotheke.at\/katalog\/wp-json\/wp\/v2\/types\/product"}],"wp:attachment":[{"href":"https:\/\/www.hirtenberg-apotheke.at\/katalog\/wp-json\/wp\/v2\/media?parent=59280"}],"wp:term":[{"taxonomy":"product_brand","embeddable":true,"href":"https:\/\/www.hirtenberg-apotheke.at\/katalog\/wp-json\/wp\/v2\/product_brand?post=59280"},{"taxonomy":"product_cat","embeddable":true,"href":"https:\/\/www.hirtenberg-apotheke.at\/katalog\/wp-json\/wp\/v2\/product_cat?post=59280"},{"taxonomy":"product_tag","embeddable":true,"href":"https:\/\/www.hirtenberg-apotheke.at\/katalog\/wp-json\/wp\/v2\/product_tag?post=59280"}],"curies":[{"name":"wp","href":"https:\/\/api.w.org\/{rel}","templated":true}]}}