{"id":59390,"date":"2025-11-26T18:47:30","date_gmt":"2025-11-26T17:47:30","guid":{"rendered":"https:\/\/www.hirtenberg-apotheke.at\/katalog\/produkt\/nuxe-men-feuchtigkeitspflege-50-ml\/"},"modified":"2025-11-26T18:48:59","modified_gmt":"2025-11-26T17:48:59","slug":"nuxe-men-feuchtigkeitspflege-50-ml","status":"publish","type":"product","link":"https:\/\/www.hirtenberg-apotheke.at\/katalog\/produkt\/nuxe-men-feuchtigkeitspflege-50-ml\/","title":{"rendered":"Nuxe Men Feuchtigkeitspflege 50 ml"},"content":{"rendered":"<p>Nuxe Men Feuchtigkeitspflege als Gel mit Extrakten aus Eiche und Wei\u00dfbuche und Hyalurons\u00e4ure spendet Feuchtigkeit und gibt der Haut Kraft und Energie. Reduziert Glanz an anf\u00e4lligen Stellen. Die Haut f\u00fchlt sich geschmeidig, zart und mattiert an. Spendet Feuchtigkeit und reduziert Anzeichen von M\u00fcdigkeit und Stress.<\/p>\n","protected":false},"excerpt":{"rendered":"<p>Nuxe Men Feuchtigkeitspflege als Gel mit Extrakten aus Eiche und Wei\u00dfbuche und Hyalurons\u00e4ure spendet Feuchtigkeit und gibt der Haut Kraft und Energie. Reduziert Glanz an anf\u00e4lligen Stellen. Die Haut f\u00fchlt sich geschmeidig, zart und mattiert an. Spendet Feuchtigkeit und reduziert Anzeichen von M\u00fcdigkeit und Stress.<\/p>\n","protected":false},"featured_media":59392,"template":"","meta":{"_acf_changed":false},"product_brand":[720],"product_cat":[310],"product_tag":[],"class_list":{"0":"post-59390","1":"product","2":"type-product","3":"status-publish","4":"has-post-thumbnail","6":"product_brand-nuxe","7":"product_cat-n","8":"pa_packungsgroesse-50ml","10":"first","11":"instock","12":"shipping-taxable","13":"purchasable","14":"product-type-simple"},"acf":[],"_links":{"self":[{"href":"https:\/\/www.hirtenberg-apotheke.at\/katalog\/wp-json\/wp\/v2\/product\/59390","targetHints":{"allow":["GET"]}}],"collection":[{"href":"https:\/\/www.hirtenberg-apotheke.at\/katalog\/wp-json\/wp\/v2\/product"}],"about":[{"href":"https:\/\/www.hirtenberg-apotheke.at\/katalog\/wp-json\/wp\/v2\/types\/product"}],"wp:featuredmedia":[{"embeddable":true,"href":"https:\/\/www.hirtenberg-apotheke.at\/katalog\/wp-json\/wp\/v2\/media\/59392"}],"wp:attachment":[{"href":"https:\/\/www.hirtenberg-apotheke.at\/katalog\/wp-json\/wp\/v2\/media?parent=59390"}],"wp:term":[{"taxonomy":"product_brand","embeddable":true,"href":"https:\/\/www.hirtenberg-apotheke.at\/katalog\/wp-json\/wp\/v2\/product_brand?post=59390"},{"taxonomy":"product_cat","embeddable":true,"href":"https:\/\/www.hirtenberg-apotheke.at\/katalog\/wp-json\/wp\/v2\/product_cat?post=59390"},{"taxonomy":"product_tag","embeddable":true,"href":"https:\/\/www.hirtenberg-apotheke.at\/katalog\/wp-json\/wp\/v2\/product_tag?post=59390"}],"curies":[{"name":"wp","href":"https:\/\/api.w.org\/{rel}","templated":true}]}}