{"id":59406,"date":"2025-11-26T18:48:58","date_gmt":"2025-11-26T17:48:58","guid":{"rendered":"https:\/\/www.hirtenberg-apotheke.at\/katalog\/produkt\/inositol-200mg-kapseln-2\/"},"modified":"2025-11-26T18:49:13","modified_gmt":"2025-11-26T17:49:13","slug":"inositol-200mg-kapseln-2","status":"publish","type":"product","link":"https:\/\/www.hirtenberg-apotheke.at\/katalog\/produkt\/inositol-200mg-kapseln-2\/","title":{"rendered":"Inositol 200mg Kapseln"},"content":{"rendered":"<p>Gall Pharma Inositol 200 mg Kapseln enthalten 200 mg Myoinositol in einer Hartgelatinekapsel. Inositol geh\u00f6rt zur Gruppe der B-Vitamine und ist Bestandteil von Lecithin. Es kommt haupts\u00e4chlich in Fleisch, Milch, Bohnen, Getreide, N\u00fcssen und Fr\u00fcchten vor. Au\u00dferdem kann Inositol von den Darmbakterien gebildet werden, wodurch ein wesentlicher Teil des t\u00e4glichen Bedarfs gedeckt wird<\/p>\n","protected":false},"excerpt":{"rendered":"<p>Gall Pharma Inositol 200 mg Kapseln enthalten 200 mg Myoinositol in einer Hartgelatinekapsel. Inositol geh\u00f6rt zur Gruppe der B-Vitamine und ist Bestandteil von Lecithin. Es kommt haupts\u00e4chlich in Fleisch, Milch, Bohnen, Getreide, N\u00fcssen und Fr\u00fcchten vor. Au\u00dferdem kann Inositol von den Darmbakterien gebildet werden, wodurch ein wesentlicher Teil des t\u00e4glichen Bedarfs gedeckt wird<\/p>\n","protected":false},"featured_media":0,"template":"","meta":{"_acf_changed":false},"product_brand":[316],"product_cat":[370],"product_tag":[],"class_list":{"0":"post-59406","1":"product","2":"type-product","3":"status-publish","5":"product_brand-gall-pharma","6":"product_cat-i","7":"pa_packungsgroesse-120-stueck","9":"first","10":"instock","11":"shipping-taxable","12":"purchasable","13":"product-type-simple"},"acf":[],"_links":{"self":[{"href":"https:\/\/www.hirtenberg-apotheke.at\/katalog\/wp-json\/wp\/v2\/product\/59406","targetHints":{"allow":["GET"]}}],"collection":[{"href":"https:\/\/www.hirtenberg-apotheke.at\/katalog\/wp-json\/wp\/v2\/product"}],"about":[{"href":"https:\/\/www.hirtenberg-apotheke.at\/katalog\/wp-json\/wp\/v2\/types\/product"}],"wp:attachment":[{"href":"https:\/\/www.hirtenberg-apotheke.at\/katalog\/wp-json\/wp\/v2\/media?parent=59406"}],"wp:term":[{"taxonomy":"product_brand","embeddable":true,"href":"https:\/\/www.hirtenberg-apotheke.at\/katalog\/wp-json\/wp\/v2\/product_brand?post=59406"},{"taxonomy":"product_cat","embeddable":true,"href":"https:\/\/www.hirtenberg-apotheke.at\/katalog\/wp-json\/wp\/v2\/product_cat?post=59406"},{"taxonomy":"product_tag","embeddable":true,"href":"https:\/\/www.hirtenberg-apotheke.at\/katalog\/wp-json\/wp\/v2\/product_tag?post=59406"}],"curies":[{"name":"wp","href":"https:\/\/api.w.org\/{rel}","templated":true}]}}