{"id":59424,"date":"2025-11-26T18:49:16","date_gmt":"2025-11-26T17:49:16","guid":{"rendered":"https:\/\/www.hirtenberg-apotheke.at\/katalog\/produkt\/alpecin-shampoo-sensitiv-s1-250-ml\/"},"modified":"2025-11-26T18:49:24","modified_gmt":"2025-11-26T17:49:24","slug":"alpecin-shampoo-sensitiv-s1-250-ml","status":"publish","type":"product","link":"https:\/\/www.hirtenberg-apotheke.at\/katalog\/produkt\/alpecin-shampoo-sensitiv-s1-250-ml\/","title":{"rendered":"Alpecin Shampoo Sensitiv S1 250 ml"},"content":{"rendered":"<p>Alpecin Sensitiv-Shampoo S1 ist besonders mild zu Kopfhaut und Haar. Die hauteigenen Abwehrkr\u00e4fte werden gest\u00e4rkt, die Kopfhaut wird vor sch\u00e4dlichen Umwelteinfl\u00fcssen gesch\u00fctzt. Der Haut-Aktivator hilft der Kopfhaut, ihre Barrierefunktion aufrecht zu erhalten und zu stabilisieren. Er sch\u00fctzt die Haarwurzel und kr\u00e4ftigt das Haar.<\/p>\n","protected":false},"excerpt":{"rendered":"<p>Alpecin Sensitiv-Shampoo S1 ist besonders mild zu Kopfhaut und Haar. Die hauteigenen Abwehrkr\u00e4fte werden gest\u00e4rkt, die Kopfhaut wird vor sch\u00e4dlichen Umwelteinfl\u00fcssen gesch\u00fctzt. Der Haut-Aktivator hilft der Kopfhaut, ihre Barrierefunktion aufrecht zu erhalten und zu stabilisieren. Er sch\u00fctzt die Haarwurzel und kr\u00e4ftigt das Haar.<\/p>\n","protected":false},"featured_media":59426,"template":"","meta":{"_acf_changed":false},"product_brand":[733],"product_cat":[299],"product_tag":[],"class_list":{"0":"post-59424","1":"product","2":"type-product","3":"status-publish","4":"has-post-thumbnail","6":"product_brand-alpecin","7":"product_cat-a","8":"pa_packungsgroesse-250ml","10":"first","11":"instock","12":"shipping-taxable","13":"purchasable","14":"product-type-simple"},"acf":[],"_links":{"self":[{"href":"https:\/\/www.hirtenberg-apotheke.at\/katalog\/wp-json\/wp\/v2\/product\/59424","targetHints":{"allow":["GET"]}}],"collection":[{"href":"https:\/\/www.hirtenberg-apotheke.at\/katalog\/wp-json\/wp\/v2\/product"}],"about":[{"href":"https:\/\/www.hirtenberg-apotheke.at\/katalog\/wp-json\/wp\/v2\/types\/product"}],"wp:featuredmedia":[{"embeddable":true,"href":"https:\/\/www.hirtenberg-apotheke.at\/katalog\/wp-json\/wp\/v2\/media\/59426"}],"wp:attachment":[{"href":"https:\/\/www.hirtenberg-apotheke.at\/katalog\/wp-json\/wp\/v2\/media?parent=59424"}],"wp:term":[{"taxonomy":"product_brand","embeddable":true,"href":"https:\/\/www.hirtenberg-apotheke.at\/katalog\/wp-json\/wp\/v2\/product_brand?post=59424"},{"taxonomy":"product_cat","embeddable":true,"href":"https:\/\/www.hirtenberg-apotheke.at\/katalog\/wp-json\/wp\/v2\/product_cat?post=59424"},{"taxonomy":"product_tag","embeddable":true,"href":"https:\/\/www.hirtenberg-apotheke.at\/katalog\/wp-json\/wp\/v2\/product_tag?post=59424"}],"curies":[{"name":"wp","href":"https:\/\/api.w.org\/{rel}","templated":true}]}}