{"id":59440,"date":"2025-11-26T18:49:16","date_gmt":"2025-11-26T17:49:16","guid":{"rendered":"https:\/\/www.hirtenberg-apotheke.at\/katalog\/produkt\/life-light-kapseln-stoffwechsel-effekt-90-stk\/"},"modified":"2025-11-26T18:49:52","modified_gmt":"2025-11-26T17:49:52","slug":"life-light-kapseln-stoffwechsel-effekt-90-stk","status":"publish","type":"product","link":"https:\/\/www.hirtenberg-apotheke.at\/katalog\/produkt\/life-light-kapseln-stoffwechsel-effekt-90-stk\/","title":{"rendered":"Life Light Kapseln Stoffwechsel Effekt 90 Stk."},"content":{"rendered":"<p>Life Light Kapseln Stoffwechsel Effekt regen den Humanstoffwechsel an und k\u00f6nnen so das pers\u00f6nliche Wohlbefinden unterst\u00fctzen. Zus\u00e4tzlich leisten sie einen Beitrag zur normalen Funktion des Nervensystems, zu einer normalen psychischen Funktion und einer Verringerung von M\u00fcdigkeit und Erm\u00fcdung.<\/p>\n","protected":false},"excerpt":{"rendered":"<p>Life Light Kapseln Stoffwechsel Effekt regen den Humanstoffwechsel an und k\u00f6nnen so das pers\u00f6nliche Wohlbefinden unterst\u00fctzen. Zus\u00e4tzlich leisten sie einen Beitrag zur normalen Funktion des Nervensystems, zu einer normalen psychischen Funktion und einer Verringerung von M\u00fcdigkeit und Erm\u00fcdung.<\/p>\n","protected":false},"featured_media":0,"template":"","meta":{"_acf_changed":false},"product_brand":[],"product_cat":[317],"product_tag":[],"class_list":{"0":"post-59440","1":"product","2":"type-product","3":"status-publish","5":"product_cat-l","6":"pa_packungsgroesse-90-stueck","8":"first","9":"instock","10":"shipping-taxable","11":"purchasable","12":"product-type-simple"},"acf":[],"_links":{"self":[{"href":"https:\/\/www.hirtenberg-apotheke.at\/katalog\/wp-json\/wp\/v2\/product\/59440","targetHints":{"allow":["GET"]}}],"collection":[{"href":"https:\/\/www.hirtenberg-apotheke.at\/katalog\/wp-json\/wp\/v2\/product"}],"about":[{"href":"https:\/\/www.hirtenberg-apotheke.at\/katalog\/wp-json\/wp\/v2\/types\/product"}],"wp:attachment":[{"href":"https:\/\/www.hirtenberg-apotheke.at\/katalog\/wp-json\/wp\/v2\/media?parent=59440"}],"wp:term":[{"taxonomy":"product_brand","embeddable":true,"href":"https:\/\/www.hirtenberg-apotheke.at\/katalog\/wp-json\/wp\/v2\/product_brand?post=59440"},{"taxonomy":"product_cat","embeddable":true,"href":"https:\/\/www.hirtenberg-apotheke.at\/katalog\/wp-json\/wp\/v2\/product_cat?post=59440"},{"taxonomy":"product_tag","embeddable":true,"href":"https:\/\/www.hirtenberg-apotheke.at\/katalog\/wp-json\/wp\/v2\/product_tag?post=59440"}],"curies":[{"name":"wp","href":"https:\/\/api.w.org\/{rel}","templated":true}]}}