{"id":59479,"date":"2025-11-26T18:50:09","date_gmt":"2025-11-26T17:50:09","guid":{"rendered":"https:\/\/www.hirtenberg-apotheke.at\/katalog\/produkt\/darphin-predermine-densifying-anti-wrinkle-cream-dry-skin-50-ml\/"},"modified":"2025-11-26T18:50:46","modified_gmt":"2025-11-26T17:50:46","slug":"darphin-predermine-densifying-anti-wrinkle-cream-dry-skin-50-ml","status":"publish","type":"product","link":"https:\/\/www.hirtenberg-apotheke.at\/katalog\/produkt\/darphin-predermine-densifying-anti-wrinkle-cream-dry-skin-50-ml\/","title":{"rendered":"Darphin Predermine Densifying Anti-Wrinkle Cream Dry Skin 50 ml"},"content":{"rendered":"<p>Predermine Densifying Anti-Wrinkle Cream Dry Skin ist eine luxuri\u00f6se Creme, die mit Schwertlilie und Menyanthes trifoliata mehr Elastizit\u00e4t verleiht, um die Hautstruktur sichtbar zu verdichten und zu straffen sowie Falten zu reduzieren und so f\u00fcr ein jugendlicheres, festeres Aussehen zu sorgen.<\/p>\n","protected":false},"excerpt":{"rendered":"<p>Predermine Densifying Anti-Wrinkle Cream Dry Skin ist eine luxuri\u00f6se Creme, die mit Schwertlilie und Menyanthes trifoliata mehr Elastizit\u00e4t verleiht, um die Hautstruktur sichtbar zu verdichten und zu straffen sowie Falten zu reduzieren und so f\u00fcr ein jugendlicheres, festeres Aussehen zu sorgen.<\/p>\n","protected":false},"featured_media":59481,"template":"","meta":{"_acf_changed":false},"product_brand":[],"product_cat":[295],"product_tag":[],"class_list":{"0":"post-59479","1":"product","2":"type-product","3":"status-publish","4":"has-post-thumbnail","6":"product_cat-d","7":"pa_packungsgroesse-50ml","9":"first","10":"instock","11":"shipping-taxable","12":"purchasable","13":"product-type-simple"},"acf":[],"_links":{"self":[{"href":"https:\/\/www.hirtenberg-apotheke.at\/katalog\/wp-json\/wp\/v2\/product\/59479","targetHints":{"allow":["GET"]}}],"collection":[{"href":"https:\/\/www.hirtenberg-apotheke.at\/katalog\/wp-json\/wp\/v2\/product"}],"about":[{"href":"https:\/\/www.hirtenberg-apotheke.at\/katalog\/wp-json\/wp\/v2\/types\/product"}],"wp:featuredmedia":[{"embeddable":true,"href":"https:\/\/www.hirtenberg-apotheke.at\/katalog\/wp-json\/wp\/v2\/media\/59481"}],"wp:attachment":[{"href":"https:\/\/www.hirtenberg-apotheke.at\/katalog\/wp-json\/wp\/v2\/media?parent=59479"}],"wp:term":[{"taxonomy":"product_brand","embeddable":true,"href":"https:\/\/www.hirtenberg-apotheke.at\/katalog\/wp-json\/wp\/v2\/product_brand?post=59479"},{"taxonomy":"product_cat","embeddable":true,"href":"https:\/\/www.hirtenberg-apotheke.at\/katalog\/wp-json\/wp\/v2\/product_cat?post=59479"},{"taxonomy":"product_tag","embeddable":true,"href":"https:\/\/www.hirtenberg-apotheke.at\/katalog\/wp-json\/wp\/v2\/product_tag?post=59479"}],"curies":[{"name":"wp","href":"https:\/\/api.w.org\/{rel}","templated":true}]}}