{"id":59493,"date":"2025-11-26T18:50:47","date_gmt":"2025-11-26T17:50:47","guid":{"rendered":"https:\/\/www.hirtenberg-apotheke.at\/katalog\/produkt\/vitis-orthodontic-access-zb-1-stk\/"},"modified":"2025-11-26T18:50:58","modified_gmt":"2025-11-26T17:50:58","slug":"vitis-orthodontic-access-zb-1-stk","status":"publish","type":"product","link":"https:\/\/www.hirtenberg-apotheke.at\/katalog\/produkt\/vitis-orthodontic-access-zb-1-stk\/","title":{"rendered":"Vitis Orthodontic Access ZB 1 Stk."},"content":{"rendered":"<p>Vitis Orthodontic Access Zahnb\u00fcrste eignet sich besonders f\u00fcr Patient*innen mit festsitzenden Zahnspangen. Der V-f\u00f6rmige Einschnitt in der Borstenmitte reinigt auch die Dr\u00e4hte der Zahnspange.<\/p>\n","protected":false},"excerpt":{"rendered":"<p>Vitis Orthodontic Access Zahnb\u00fcrste eignet sich besonders f\u00fcr Patient*innen mit festsitzenden Zahnspangen. Der V-f\u00f6rmige Einschnitt in der Borstenmitte reinigt auch die Dr\u00e4hte der Zahnspange.<\/p>\n","protected":false},"featured_media":0,"template":"","meta":{"_acf_changed":false},"product_brand":[],"product_cat":[300],"product_tag":[],"class_list":{"0":"post-59493","1":"product","2":"type-product","3":"status-publish","5":"product_cat-v","6":"pa_packungsgroesse-1-stueck","8":"first","9":"instock","10":"shipping-taxable","11":"purchasable","12":"product-type-simple"},"acf":[],"_links":{"self":[{"href":"https:\/\/www.hirtenberg-apotheke.at\/katalog\/wp-json\/wp\/v2\/product\/59493","targetHints":{"allow":["GET"]}}],"collection":[{"href":"https:\/\/www.hirtenberg-apotheke.at\/katalog\/wp-json\/wp\/v2\/product"}],"about":[{"href":"https:\/\/www.hirtenberg-apotheke.at\/katalog\/wp-json\/wp\/v2\/types\/product"}],"wp:attachment":[{"href":"https:\/\/www.hirtenberg-apotheke.at\/katalog\/wp-json\/wp\/v2\/media?parent=59493"}],"wp:term":[{"taxonomy":"product_brand","embeddable":true,"href":"https:\/\/www.hirtenberg-apotheke.at\/katalog\/wp-json\/wp\/v2\/product_brand?post=59493"},{"taxonomy":"product_cat","embeddable":true,"href":"https:\/\/www.hirtenberg-apotheke.at\/katalog\/wp-json\/wp\/v2\/product_cat?post=59493"},{"taxonomy":"product_tag","embeddable":true,"href":"https:\/\/www.hirtenberg-apotheke.at\/katalog\/wp-json\/wp\/v2\/product_tag?post=59493"}],"curies":[{"name":"wp","href":"https:\/\/api.w.org\/{rel}","templated":true}]}}