{"id":59674,"date":"2025-11-26T18:53:33","date_gmt":"2025-11-26T17:53:33","guid":{"rendered":"https:\/\/www.hirtenberg-apotheke.at\/katalog\/produkt\/guarana-energy-kapseln-60-stk\/"},"modified":"2025-11-26T18:54:21","modified_gmt":"2025-11-26T17:54:21","slug":"guarana-energy-kapseln-60-stk","status":"publish","type":"product","link":"https:\/\/www.hirtenberg-apotheke.at\/katalog\/produkt\/guarana-energy-kapseln-60-stk\/","title":{"rendered":"Guarana Energy Kapseln 60 Stk."},"content":{"rendered":"<p>Die Guarana Energy Kapseln sind ein Nahrungserg\u00e4nzungsmittel bestehend aus dem Extrakt der Guaranapflanze, Kolanuss und Mate. Durch den nat\u00fcrlichen koffeingehalt der Guaranapflanze verhelfen die Kapseln zu mehr Energie und Auftrieb und verringern M\u00fcdigkeit. Durch den hohen Anteil an Gerbstoffen und sekund\u00e4ren Pflanzenstoffen wird die Wirkung des enthaltenen nat\u00fcrlichen Koffeins nach und nach abgegeben, dadurch h\u00e4lt die sanft anregende und leistungssteigernde Wirkung mehrere Stunden an.<\/p>\n","protected":false},"excerpt":{"rendered":"<p>Die Guarana Energy Kapseln sind ein Nahrungserg\u00e4nzungsmittel bestehend aus dem Extrakt der Guaranapflanze, Kolanuss und Mate. Durch den nat\u00fcrlichen koffeingehalt der Guaranapflanze verhelfen die Kapseln zu mehr Energie und Auftrieb und verringern M\u00fcdigkeit. Durch den hohen Anteil an Gerbstoffen und sekund\u00e4ren Pflanzenstoffen wird die Wirkung des enthaltenen nat\u00fcrlichen Koffeins nach und nach abgegeben, dadurch h\u00e4lt [&hellip;]<\/p>\n","protected":false},"featured_media":59676,"template":"","meta":{"_acf_changed":false},"product_brand":[],"product_cat":[328],"product_tag":[],"class_list":{"0":"post-59674","1":"product","2":"type-product","3":"status-publish","4":"has-post-thumbnail","6":"product_cat-g","7":"pa_packungsgroesse-60-stueck","9":"first","10":"instock","11":"shipping-taxable","12":"purchasable","13":"product-type-simple"},"acf":[],"_links":{"self":[{"href":"https:\/\/www.hirtenberg-apotheke.at\/katalog\/wp-json\/wp\/v2\/product\/59674","targetHints":{"allow":["GET"]}}],"collection":[{"href":"https:\/\/www.hirtenberg-apotheke.at\/katalog\/wp-json\/wp\/v2\/product"}],"about":[{"href":"https:\/\/www.hirtenberg-apotheke.at\/katalog\/wp-json\/wp\/v2\/types\/product"}],"wp:featuredmedia":[{"embeddable":true,"href":"https:\/\/www.hirtenberg-apotheke.at\/katalog\/wp-json\/wp\/v2\/media\/59676"}],"wp:attachment":[{"href":"https:\/\/www.hirtenberg-apotheke.at\/katalog\/wp-json\/wp\/v2\/media?parent=59674"}],"wp:term":[{"taxonomy":"product_brand","embeddable":true,"href":"https:\/\/www.hirtenberg-apotheke.at\/katalog\/wp-json\/wp\/v2\/product_brand?post=59674"},{"taxonomy":"product_cat","embeddable":true,"href":"https:\/\/www.hirtenberg-apotheke.at\/katalog\/wp-json\/wp\/v2\/product_cat?post=59674"},{"taxonomy":"product_tag","embeddable":true,"href":"https:\/\/www.hirtenberg-apotheke.at\/katalog\/wp-json\/wp\/v2\/product_tag?post=59674"}],"curies":[{"name":"wp","href":"https:\/\/api.w.org\/{rel}","templated":true}]}}