{"id":59700,"date":"2025-11-26T18:54:33","date_gmt":"2025-11-26T17:54:33","guid":{"rendered":"https:\/\/www.hirtenberg-apotheke.at\/katalog\/produkt\/eco-cosmetics-gesichtscreme-lsf-15-getoent-50-ml\/"},"modified":"2025-11-26T18:54:45","modified_gmt":"2025-11-26T17:54:45","slug":"eco-cosmetics-gesichtscreme-lsf-15-getoent-50-ml","status":"publish","type":"product","link":"https:\/\/www.hirtenberg-apotheke.at\/katalog\/produkt\/eco-cosmetics-gesichtscreme-lsf-15-getoent-50-ml\/","title":{"rendered":"Eco Cosmetics Gesichtscreme LSF 15 get\u00f6nt 50 ml"},"content":{"rendered":"<p>Gesichtscreme LSF 15 get\u00f6nt eignet sich besonders gut f\u00fcr sensible Haut. Sie sch\u00fctzt vor Feuchtigkeitsverlust, sorgt dank der T\u00f6nung f\u00fcr einen ebenm\u00e4\u00dfigen Teint und sch\u00fctzt mit pflanzlich-mineralischen Filtern effektiv vor Licht. Das Produkt enth\u00e4lt teilweise biologische Inhaltsstoffe.<\/p>\n","protected":false},"excerpt":{"rendered":"<p>Gesichtscreme LSF 15 get\u00f6nt eignet sich besonders gut f\u00fcr sensible Haut. Sie sch\u00fctzt vor Feuchtigkeitsverlust, sorgt dank der T\u00f6nung f\u00fcr einen ebenm\u00e4\u00dfigen Teint und sch\u00fctzt mit pflanzlich-mineralischen Filtern effektiv vor Licht. Das Produkt enth\u00e4lt teilweise biologische Inhaltsstoffe.<\/p>\n","protected":false},"featured_media":0,"template":"","meta":{"_acf_changed":false},"product_brand":[],"product_cat":[307],"product_tag":[],"class_list":{"0":"post-59700","1":"product","2":"type-product","3":"status-publish","5":"product_cat-e","6":"pa_packungsgroesse-50ml","8":"first","9":"instock","10":"shipping-taxable","11":"purchasable","12":"product-type-simple"},"acf":[],"_links":{"self":[{"href":"https:\/\/www.hirtenberg-apotheke.at\/katalog\/wp-json\/wp\/v2\/product\/59700","targetHints":{"allow":["GET"]}}],"collection":[{"href":"https:\/\/www.hirtenberg-apotheke.at\/katalog\/wp-json\/wp\/v2\/product"}],"about":[{"href":"https:\/\/www.hirtenberg-apotheke.at\/katalog\/wp-json\/wp\/v2\/types\/product"}],"wp:attachment":[{"href":"https:\/\/www.hirtenberg-apotheke.at\/katalog\/wp-json\/wp\/v2\/media?parent=59700"}],"wp:term":[{"taxonomy":"product_brand","embeddable":true,"href":"https:\/\/www.hirtenberg-apotheke.at\/katalog\/wp-json\/wp\/v2\/product_brand?post=59700"},{"taxonomy":"product_cat","embeddable":true,"href":"https:\/\/www.hirtenberg-apotheke.at\/katalog\/wp-json\/wp\/v2\/product_cat?post=59700"},{"taxonomy":"product_tag","embeddable":true,"href":"https:\/\/www.hirtenberg-apotheke.at\/katalog\/wp-json\/wp\/v2\/product_tag?post=59700"}],"curies":[{"name":"wp","href":"https:\/\/api.w.org\/{rel}","templated":true}]}}