{"id":59775,"date":"2025-11-26T18:55:42","date_gmt":"2025-11-26T17:55:42","guid":{"rendered":"https:\/\/www.hirtenberg-apotheke.at\/katalog\/produkt\/vabo-n-essentials-vital-drink-500-ml-2-stk\/"},"modified":"2025-11-26T18:56:00","modified_gmt":"2025-11-26T17:56:00","slug":"vabo-n-essentials-vital-drink-500-ml-2-stk","status":"publish","type":"product","link":"https:\/\/www.hirtenberg-apotheke.at\/katalog\/produkt\/vabo-n-essentials-vital-drink-500-ml-2-stk\/","title":{"rendered":"VABO-N Essentials Vital Drink 500 ml 2 Stk."},"content":{"rendered":"<p>VABO-N ist ein ALL-IN-ONE Vital Drink mit geballter Kraft der Natur, der den K\u00f6rper bequem und zuverl\u00e4ssig tagt\u00e4glich optimal versorgt. Der Vital Drink st\u00e4rkt das Immunsystem, unterst\u00fctzt Haut und Haare, tr\u00e4gt zum normalen Erhalt der Sehkraft bei und unterst\u00fctzt den Energiestoffwechsel. F\u00fcr Vitalit\u00e4t und mehr Energie den VABO-N Vital Drink<\/p>\n","protected":false},"excerpt":{"rendered":"<p>VABO-N ist ein ALL-IN-ONE Vital Drink mit geballter Kraft der Natur, der den K\u00f6rper bequem und zuverl\u00e4ssig tagt\u00e4glich optimal versorgt. Der Vital Drink st\u00e4rkt das Immunsystem, unterst\u00fctzt Haut und Haare, tr\u00e4gt zum normalen Erhalt der Sehkraft bei und unterst\u00fctzt den Energiestoffwechsel. F\u00fcr Vitalit\u00e4t und mehr Energie den VABO-N Vital Drink<\/p>\n","protected":false},"featured_media":0,"template":"","meta":{"_acf_changed":false},"product_brand":[],"product_cat":[300],"product_tag":[],"class_list":{"0":"post-59775","1":"product","2":"type-product","3":"status-publish","5":"product_cat-v","6":"pa_packungsgroesse-2-stueck","8":"first","9":"instock","10":"shipping-taxable","11":"purchasable","12":"product-type-simple"},"acf":[],"_links":{"self":[{"href":"https:\/\/www.hirtenberg-apotheke.at\/katalog\/wp-json\/wp\/v2\/product\/59775","targetHints":{"allow":["GET"]}}],"collection":[{"href":"https:\/\/www.hirtenberg-apotheke.at\/katalog\/wp-json\/wp\/v2\/product"}],"about":[{"href":"https:\/\/www.hirtenberg-apotheke.at\/katalog\/wp-json\/wp\/v2\/types\/product"}],"wp:attachment":[{"href":"https:\/\/www.hirtenberg-apotheke.at\/katalog\/wp-json\/wp\/v2\/media?parent=59775"}],"wp:term":[{"taxonomy":"product_brand","embeddable":true,"href":"https:\/\/www.hirtenberg-apotheke.at\/katalog\/wp-json\/wp\/v2\/product_brand?post=59775"},{"taxonomy":"product_cat","embeddable":true,"href":"https:\/\/www.hirtenberg-apotheke.at\/katalog\/wp-json\/wp\/v2\/product_cat?post=59775"},{"taxonomy":"product_tag","embeddable":true,"href":"https:\/\/www.hirtenberg-apotheke.at\/katalog\/wp-json\/wp\/v2\/product_tag?post=59775"}],"curies":[{"name":"wp","href":"https:\/\/api.w.org\/{rel}","templated":true}]}}