{"id":59798,"date":"2025-11-26T18:56:01","date_gmt":"2025-11-26T17:56:01","guid":{"rendered":"https:\/\/www.hirtenberg-apotheke.at\/katalog\/produkt\/speick-men-active-deo-stick-40-ml\/"},"modified":"2025-11-26T18:56:24","modified_gmt":"2025-11-26T17:56:24","slug":"speick-men-active-deo-stick-40-ml","status":"publish","type":"product","link":"https:\/\/www.hirtenberg-apotheke.at\/katalog\/produkt\/speick-men-active-deo-stick-40-ml\/","title":{"rendered":"Speick Men Active Deo Stick 40 ml"},"content":{"rendered":"<p>Der SPEICK MEN Active Deo Stick mit deodorierendem Bio-Salbei sch\u00fctzt zuverl\u00e4ssig mit langanhaltender, aktivierender Frische. Zudem ist das Produkt v\u00f6llig frei von synthetischen Duft-, Farb- und Konservierungsstoffen sowie Silikonen und Parabenen.<\/p>\n","protected":false},"excerpt":{"rendered":"<p>Der SPEICK MEN Active Deo Stick mit deodorierendem Bio-Salbei sch\u00fctzt zuverl\u00e4ssig mit langanhaltender, aktivierender Frische. Zudem ist das Produkt v\u00f6llig frei von synthetischen Duft-, Farb- und Konservierungsstoffen sowie Silikonen und Parabenen.<\/p>\n","protected":false},"featured_media":59800,"template":"","meta":{"_acf_changed":false},"product_brand":[],"product_cat":[303],"product_tag":[],"class_list":{"0":"post-59798","1":"product","2":"type-product","3":"status-publish","4":"has-post-thumbnail","6":"product_cat-s","7":"pa_packungsgroesse-40ml","9":"first","10":"instock","11":"shipping-taxable","12":"purchasable","13":"product-type-simple"},"acf":[],"_links":{"self":[{"href":"https:\/\/www.hirtenberg-apotheke.at\/katalog\/wp-json\/wp\/v2\/product\/59798","targetHints":{"allow":["GET"]}}],"collection":[{"href":"https:\/\/www.hirtenberg-apotheke.at\/katalog\/wp-json\/wp\/v2\/product"}],"about":[{"href":"https:\/\/www.hirtenberg-apotheke.at\/katalog\/wp-json\/wp\/v2\/types\/product"}],"wp:featuredmedia":[{"embeddable":true,"href":"https:\/\/www.hirtenberg-apotheke.at\/katalog\/wp-json\/wp\/v2\/media\/59800"}],"wp:attachment":[{"href":"https:\/\/www.hirtenberg-apotheke.at\/katalog\/wp-json\/wp\/v2\/media?parent=59798"}],"wp:term":[{"taxonomy":"product_brand","embeddable":true,"href":"https:\/\/www.hirtenberg-apotheke.at\/katalog\/wp-json\/wp\/v2\/product_brand?post=59798"},{"taxonomy":"product_cat","embeddable":true,"href":"https:\/\/www.hirtenberg-apotheke.at\/katalog\/wp-json\/wp\/v2\/product_cat?post=59798"},{"taxonomy":"product_tag","embeddable":true,"href":"https:\/\/www.hirtenberg-apotheke.at\/katalog\/wp-json\/wp\/v2\/product_tag?post=59798"}],"curies":[{"name":"wp","href":"https:\/\/api.w.org\/{rel}","templated":true}]}}