{"id":59871,"date":"2025-11-26T18:57:41","date_gmt":"2025-11-26T17:57:41","guid":{"rendered":"https:\/\/www.hirtenberg-apotheke.at\/katalog\/produkt\/junek-melatonin-2-mg-kapseln-60-stk\/"},"modified":"2025-11-26T18:58:07","modified_gmt":"2025-11-26T17:58:07","slug":"junek-melatonin-2-mg-kapseln-60-stk","status":"publish","type":"product","link":"https:\/\/www.hirtenberg-apotheke.at\/katalog\/produkt\/junek-melatonin-2-mg-kapseln-60-stk\/","title":{"rendered":"Junek Melatonin 2 mg Kapseln 60 Stk."},"content":{"rendered":"<p>Melatonin 2 mg Junek Kapseln sind ein di\u00e4tetisches Lebensmittel f\u00fcr besondere medizinische Zwecke zur Behandlung von Jetlag. Melatonin tr\u00e4gt zur Linderung der subjektiven Jetlag-Empfindung bei und hilft, den circadianen Rhythmus zu regulieren..<\/p>\n","protected":false},"excerpt":{"rendered":"<p>Melatonin 2 mg Junek Kapseln sind ein di\u00e4tetisches Lebensmittel f\u00fcr besondere medizinische Zwecke zur Behandlung von Jetlag. Melatonin tr\u00e4gt zur Linderung der subjektiven Jetlag-Empfindung bei und hilft, den circadianen Rhythmus zu regulieren..<\/p>\n","protected":false},"featured_media":59873,"template":"","meta":{"_acf_changed":false},"product_brand":[],"product_cat":[335],"product_tag":[],"class_list":{"0":"post-59871","1":"product","2":"type-product","3":"status-publish","4":"has-post-thumbnail","6":"product_cat-j","7":"pa_packungsgroesse-60-stueck","9":"first","10":"instock","11":"shipping-taxable","12":"purchasable","13":"product-type-simple"},"acf":[],"_links":{"self":[{"href":"https:\/\/www.hirtenberg-apotheke.at\/katalog\/wp-json\/wp\/v2\/product\/59871","targetHints":{"allow":["GET"]}}],"collection":[{"href":"https:\/\/www.hirtenberg-apotheke.at\/katalog\/wp-json\/wp\/v2\/product"}],"about":[{"href":"https:\/\/www.hirtenberg-apotheke.at\/katalog\/wp-json\/wp\/v2\/types\/product"}],"wp:featuredmedia":[{"embeddable":true,"href":"https:\/\/www.hirtenberg-apotheke.at\/katalog\/wp-json\/wp\/v2\/media\/59873"}],"wp:attachment":[{"href":"https:\/\/www.hirtenberg-apotheke.at\/katalog\/wp-json\/wp\/v2\/media?parent=59871"}],"wp:term":[{"taxonomy":"product_brand","embeddable":true,"href":"https:\/\/www.hirtenberg-apotheke.at\/katalog\/wp-json\/wp\/v2\/product_brand?post=59871"},{"taxonomy":"product_cat","embeddable":true,"href":"https:\/\/www.hirtenberg-apotheke.at\/katalog\/wp-json\/wp\/v2\/product_cat?post=59871"},{"taxonomy":"product_tag","embeddable":true,"href":"https:\/\/www.hirtenberg-apotheke.at\/katalog\/wp-json\/wp\/v2\/product_tag?post=59871"}],"curies":[{"name":"wp","href":"https:\/\/api.w.org\/{rel}","templated":true}]}}