{"id":59884,"date":"2025-11-26T18:58:15","date_gmt":"2025-11-26T17:58:15","guid":{"rendered":"https:\/\/www.hirtenberg-apotheke.at\/katalog\/produkt\/life-light-blau-gruene-alge-250-mg-tabletten-120-stk\/"},"modified":"2025-11-26T18:58:23","modified_gmt":"2025-11-26T17:58:23","slug":"life-light-blau-gruene-alge-250-mg-tabletten-120-stk","status":"publish","type":"product","link":"https:\/\/www.hirtenberg-apotheke.at\/katalog\/produkt\/life-light-blau-gruene-alge-250-mg-tabletten-120-stk\/","title":{"rendered":"Life Light Blau Gr\u00fcne Alge 250 mg Tabletten 120 Stk."},"content":{"rendered":"<p>Blau Gr\u00fcne Alge 250 mg Tabletten enthalten naturbelassene, jodfreie S\u00fc\u00dfwasser-Mikroalgen mit organisch gebundenem Chlorophyll und Vitamin B12. Vitamin B12 tr\u00e4gt zu einer normalen Funktion des Nervensystems, einer normalen Bildung roter Blutk\u00f6rperchen und einer Verringerung von M\u00fcdigkeit und Erm\u00fcdung bei. Au\u00dferdem leistet das Vitamin einen Beitrag zu einer normalen Funktion des Immunsystems.<\/p>\n","protected":false},"excerpt":{"rendered":"<p>Blau Gr\u00fcne Alge 250 mg Tabletten enthalten naturbelassene, jodfreie S\u00fc\u00dfwasser-Mikroalgen mit organisch gebundenem Chlorophyll und Vitamin B12. Vitamin B12 tr\u00e4gt zu einer normalen Funktion des Nervensystems, einer normalen Bildung roter Blutk\u00f6rperchen und einer Verringerung von M\u00fcdigkeit und Erm\u00fcdung bei. Au\u00dferdem leistet das Vitamin einen Beitrag zu einer normalen Funktion des Immunsystems.<\/p>\n","protected":false},"featured_media":59886,"template":"","meta":{"_acf_changed":false},"product_brand":[],"product_cat":[317],"product_tag":[],"class_list":{"0":"post-59884","1":"product","2":"type-product","3":"status-publish","4":"has-post-thumbnail","6":"product_cat-l","7":"pa_packungsgroesse-120-stueck","9":"first","10":"instock","11":"shipping-taxable","12":"purchasable","13":"product-type-simple"},"acf":[],"_links":{"self":[{"href":"https:\/\/www.hirtenberg-apotheke.at\/katalog\/wp-json\/wp\/v2\/product\/59884","targetHints":{"allow":["GET"]}}],"collection":[{"href":"https:\/\/www.hirtenberg-apotheke.at\/katalog\/wp-json\/wp\/v2\/product"}],"about":[{"href":"https:\/\/www.hirtenberg-apotheke.at\/katalog\/wp-json\/wp\/v2\/types\/product"}],"wp:featuredmedia":[{"embeddable":true,"href":"https:\/\/www.hirtenberg-apotheke.at\/katalog\/wp-json\/wp\/v2\/media\/59886"}],"wp:attachment":[{"href":"https:\/\/www.hirtenberg-apotheke.at\/katalog\/wp-json\/wp\/v2\/media?parent=59884"}],"wp:term":[{"taxonomy":"product_brand","embeddable":true,"href":"https:\/\/www.hirtenberg-apotheke.at\/katalog\/wp-json\/wp\/v2\/product_brand?post=59884"},{"taxonomy":"product_cat","embeddable":true,"href":"https:\/\/www.hirtenberg-apotheke.at\/katalog\/wp-json\/wp\/v2\/product_cat?post=59884"},{"taxonomy":"product_tag","embeddable":true,"href":"https:\/\/www.hirtenberg-apotheke.at\/katalog\/wp-json\/wp\/v2\/product_tag?post=59884"}],"curies":[{"name":"wp","href":"https:\/\/api.w.org\/{rel}","templated":true}]}}