{"id":59912,"date":"2025-11-26T18:58:15","date_gmt":"2025-11-26T17:58:15","guid":{"rendered":"https:\/\/www.hirtenberg-apotheke.at\/katalog\/produkt\/madara-smart-antioxidants-augencreme-15-ml\/"},"modified":"2025-11-26T18:58:53","modified_gmt":"2025-11-26T17:58:53","slug":"madara-smart-antioxidants-augencreme-15-ml","status":"publish","type":"product","link":"https:\/\/www.hirtenberg-apotheke.at\/katalog\/produkt\/madara-smart-antioxidants-augencreme-15-ml\/","title":{"rendered":"Madara Smart Antioxidants Augencreme 15 ml"},"content":{"rendered":"<p>Anti-M\u00fcdigkeits-Augencreme. Spendet Feuchtigkeit, strafft und hellt auf. Mindert F\u00e4ltchen, dunkle Ringe und Schwellungen.Die einzigartige und vielschichtige Textur strafft und gl\u00e4ttet Anzeichen von M\u00fcdigkeit.Eine Jugendlichkeit bewahrende Mixtur aus Farn, Flechte, Frauenmantel und Moos spendet Feuchtigkeit und gl\u00e4ttet F\u00e4ltchen.Nat\u00fcrliches Aescin regt die Durchblutung an und st\u00e4rkt Kapilare um die Haut zu entschwellen, dunkle Ringe zu mindern und die Augenpartie aufzuhellen.<\/p>\n","protected":false},"excerpt":{"rendered":"<p>Anti-M\u00fcdigkeits-Augencreme. Spendet Feuchtigkeit, strafft und hellt auf. Mindert F\u00e4ltchen, dunkle Ringe und Schwellungen.Die einzigartige und vielschichtige Textur strafft und gl\u00e4ttet Anzeichen von M\u00fcdigkeit.Eine Jugendlichkeit bewahrende Mixtur aus Farn, Flechte, Frauenmantel und Moos spendet Feuchtigkeit und gl\u00e4ttet F\u00e4ltchen.Nat\u00fcrliches Aescin regt die Durchblutung an und st\u00e4rkt Kapilare um die Haut zu entschwellen, dunkle Ringe zu mindern und [&hellip;]<\/p>\n","protected":false},"featured_media":59914,"template":"","meta":{"_acf_changed":false},"product_brand":[1240],"product_cat":[308],"product_tag":[],"class_list":{"0":"post-59912","1":"product","2":"type-product","3":"status-publish","4":"has-post-thumbnail","6":"product_brand-madara","7":"product_cat-m","8":"pa_packungsgroesse-15ml","10":"first","11":"instock","12":"shipping-taxable","13":"purchasable","14":"product-type-simple"},"acf":[],"_links":{"self":[{"href":"https:\/\/www.hirtenberg-apotheke.at\/katalog\/wp-json\/wp\/v2\/product\/59912","targetHints":{"allow":["GET"]}}],"collection":[{"href":"https:\/\/www.hirtenberg-apotheke.at\/katalog\/wp-json\/wp\/v2\/product"}],"about":[{"href":"https:\/\/www.hirtenberg-apotheke.at\/katalog\/wp-json\/wp\/v2\/types\/product"}],"wp:featuredmedia":[{"embeddable":true,"href":"https:\/\/www.hirtenberg-apotheke.at\/katalog\/wp-json\/wp\/v2\/media\/59914"}],"wp:attachment":[{"href":"https:\/\/www.hirtenberg-apotheke.at\/katalog\/wp-json\/wp\/v2\/media?parent=59912"}],"wp:term":[{"taxonomy":"product_brand","embeddable":true,"href":"https:\/\/www.hirtenberg-apotheke.at\/katalog\/wp-json\/wp\/v2\/product_brand?post=59912"},{"taxonomy":"product_cat","embeddable":true,"href":"https:\/\/www.hirtenberg-apotheke.at\/katalog\/wp-json\/wp\/v2\/product_cat?post=59912"},{"taxonomy":"product_tag","embeddable":true,"href":"https:\/\/www.hirtenberg-apotheke.at\/katalog\/wp-json\/wp\/v2\/product_tag?post=59912"}],"curies":[{"name":"wp","href":"https:\/\/api.w.org\/{rel}","templated":true}]}}