{"id":59917,"date":"2025-11-26T18:58:52","date_gmt":"2025-11-26T17:58:52","guid":{"rendered":"https:\/\/www.hirtenberg-apotheke.at\/katalog\/produkt\/bios-alphaliponsaeure-kapseln\/"},"modified":"2025-11-26T18:59:00","modified_gmt":"2025-11-26T17:59:00","slug":"bios-alphaliponsaeure-kapseln","status":"publish","type":"product","link":"https:\/\/www.hirtenberg-apotheke.at\/katalog\/produkt\/bios-alphaliponsaeure-kapseln\/","title":{"rendered":"Bios Alphalipons\u00e4ure Kapseln"},"content":{"rendered":"<p>Bios Alphalipons\u00e4ure Kapseln enthalten 150 mg Alpha-Lipons\u00e4ure in einer Hartgelatinekapsel. Alpha-Lipons\u00e4ure, auch Thiocts\u00e4ure genannt, ist eine vitamin\u00e4hnliche k\u00f6rpereigene Substanz, welche vor allem in Geweben mit intensivem Energiestoffwechsel vorkommt.<\/p>\n","protected":false},"excerpt":{"rendered":"<p>Bios Alphalipons\u00e4ure Kapseln enthalten 150 mg Alpha-Lipons\u00e4ure in einer Hartgelatinekapsel. Alpha-Lipons\u00e4ure, auch Thiocts\u00e4ure genannt, ist eine vitamin\u00e4hnliche k\u00f6rpereigene Substanz, welche vor allem in Geweben mit intensivem Energiestoffwechsel vorkommt.<\/p>\n","protected":false},"featured_media":0,"template":"","meta":{"_acf_changed":false},"product_brand":[],"product_cat":[292],"product_tag":[],"class_list":{"0":"post-59917","1":"product","2":"type-product","3":"status-publish","5":"product_cat-b","6":"pa_packungsgroesse-100-stueck","8":"first","9":"instock","10":"shipping-taxable","11":"purchasable","12":"product-type-simple"},"acf":[],"_links":{"self":[{"href":"https:\/\/www.hirtenberg-apotheke.at\/katalog\/wp-json\/wp\/v2\/product\/59917","targetHints":{"allow":["GET"]}}],"collection":[{"href":"https:\/\/www.hirtenberg-apotheke.at\/katalog\/wp-json\/wp\/v2\/product"}],"about":[{"href":"https:\/\/www.hirtenberg-apotheke.at\/katalog\/wp-json\/wp\/v2\/types\/product"}],"wp:attachment":[{"href":"https:\/\/www.hirtenberg-apotheke.at\/katalog\/wp-json\/wp\/v2\/media?parent=59917"}],"wp:term":[{"taxonomy":"product_brand","embeddable":true,"href":"https:\/\/www.hirtenberg-apotheke.at\/katalog\/wp-json\/wp\/v2\/product_brand?post=59917"},{"taxonomy":"product_cat","embeddable":true,"href":"https:\/\/www.hirtenberg-apotheke.at\/katalog\/wp-json\/wp\/v2\/product_cat?post=59917"},{"taxonomy":"product_tag","embeddable":true,"href":"https:\/\/www.hirtenberg-apotheke.at\/katalog\/wp-json\/wp\/v2\/product_tag?post=59917"}],"curies":[{"name":"wp","href":"https:\/\/api.w.org\/{rel}","templated":true}]}}