{"id":60001,"date":"2025-11-26T18:59:53","date_gmt":"2025-11-26T17:59:53","guid":{"rendered":"https:\/\/www.hirtenberg-apotheke.at\/katalog\/produkt\/life-light-kapseln-immuno-effekt\/"},"modified":"2025-11-26T19:00:16","modified_gmt":"2025-11-26T18:00:16","slug":"life-light-kapseln-immuno-effekt","status":"publish","type":"product","link":"https:\/\/www.hirtenberg-apotheke.at\/katalog\/produkt\/life-light-kapseln-immuno-effekt\/","title":{"rendered":"Life Light Kapseln Immuno Effekt"},"content":{"rendered":"<p>Life Light Kapseln Immuno Effekt sind ein hochwertiger Mikron\u00e4hrstoffkomplex mit gepuffertem Vitamin C und Zink, die zu einer normalen Funktion des Immunsystems beitragen. Die Formulierung enth\u00e4lt keine Ascorbins\u00e4ure und ist daher auch f\u00fcr Menschen mit empfindlichem Magen geeignet.<\/p>\n","protected":false},"excerpt":{"rendered":"<p>Life Light Kapseln Immuno Effekt sind ein hochwertiger Mikron\u00e4hrstoffkomplex mit gepuffertem Vitamin C und Zink, die zu einer normalen Funktion des Immunsystems beitragen. Die Formulierung enth\u00e4lt keine Ascorbins\u00e4ure und ist daher auch f\u00fcr Menschen mit empfindlichem Magen geeignet.<\/p>\n","protected":false},"featured_media":60003,"template":"","meta":{"_acf_changed":false},"product_brand":[],"product_cat":[317],"product_tag":[],"class_list":{"0":"post-60001","1":"product","2":"type-product","3":"status-publish","4":"has-post-thumbnail","6":"product_cat-l","7":"pa_packungsgroesse-60-stueck","9":"first","10":"instock","11":"shipping-taxable","12":"purchasable","13":"product-type-simple"},"acf":[],"_links":{"self":[{"href":"https:\/\/www.hirtenberg-apotheke.at\/katalog\/wp-json\/wp\/v2\/product\/60001","targetHints":{"allow":["GET"]}}],"collection":[{"href":"https:\/\/www.hirtenberg-apotheke.at\/katalog\/wp-json\/wp\/v2\/product"}],"about":[{"href":"https:\/\/www.hirtenberg-apotheke.at\/katalog\/wp-json\/wp\/v2\/types\/product"}],"wp:featuredmedia":[{"embeddable":true,"href":"https:\/\/www.hirtenberg-apotheke.at\/katalog\/wp-json\/wp\/v2\/media\/60003"}],"wp:attachment":[{"href":"https:\/\/www.hirtenberg-apotheke.at\/katalog\/wp-json\/wp\/v2\/media?parent=60001"}],"wp:term":[{"taxonomy":"product_brand","embeddable":true,"href":"https:\/\/www.hirtenberg-apotheke.at\/katalog\/wp-json\/wp\/v2\/product_brand?post=60001"},{"taxonomy":"product_cat","embeddable":true,"href":"https:\/\/www.hirtenberg-apotheke.at\/katalog\/wp-json\/wp\/v2\/product_cat?post=60001"},{"taxonomy":"product_tag","embeddable":true,"href":"https:\/\/www.hirtenberg-apotheke.at\/katalog\/wp-json\/wp\/v2\/product_tag?post=60001"}],"curies":[{"name":"wp","href":"https:\/\/api.w.org\/{rel}","templated":true}]}}