{"id":60033,"date":"2025-11-26T19:00:32","date_gmt":"2025-11-26T18:00:32","guid":{"rendered":"https:\/\/www.hirtenberg-apotheke.at\/katalog\/produkt\/l-glutathion-red-kapseln-90-stk-25-mg\/"},"modified":"2025-11-26T19:00:54","modified_gmt":"2025-11-26T18:00:54","slug":"l-glutathion-red-kapseln-90-stk-25-mg","status":"publish","type":"product","link":"https:\/\/www.hirtenberg-apotheke.at\/katalog\/produkt\/l-glutathion-red-kapseln-90-stk-25-mg\/","title":{"rendered":"L-Glutathion Red Kapseln 90 Stk. 25 mg"},"content":{"rendered":"<p>L-Glutathion Red Kapseln, gewonnen aus den Bl\u00fcten des japanischen Schnurbaums. \u00dcberzeugen Sie sich jetzt von der Effektivit\u00e4t dieses kostbaren sekund\u00e4ren Pflanzenstoffs und bestellen Sie hier gehobene Qualit\u00e4t zum fairen Preis.<\/p>\n","protected":false},"excerpt":{"rendered":"<p>L-Glutathion Red Kapseln, gewonnen aus den Bl\u00fcten des japanischen Schnurbaums. \u00dcberzeugen Sie sich jetzt von der Effektivit\u00e4t dieses kostbaren sekund\u00e4ren Pflanzenstoffs und bestellen Sie hier gehobene Qualit\u00e4t zum fairen Preis.<\/p>\n","protected":false},"featured_media":60035,"template":"","meta":{"_acf_changed":false},"product_brand":[],"product_cat":[317],"product_tag":[],"class_list":{"0":"post-60033","1":"product","2":"type-product","3":"status-publish","4":"has-post-thumbnail","6":"product_cat-l","7":"pa_packungsgroesse-90-stueck","9":"first","10":"instock","11":"shipping-taxable","12":"purchasable","13":"product-type-simple"},"acf":[],"_links":{"self":[{"href":"https:\/\/www.hirtenberg-apotheke.at\/katalog\/wp-json\/wp\/v2\/product\/60033","targetHints":{"allow":["GET"]}}],"collection":[{"href":"https:\/\/www.hirtenberg-apotheke.at\/katalog\/wp-json\/wp\/v2\/product"}],"about":[{"href":"https:\/\/www.hirtenberg-apotheke.at\/katalog\/wp-json\/wp\/v2\/types\/product"}],"wp:featuredmedia":[{"embeddable":true,"href":"https:\/\/www.hirtenberg-apotheke.at\/katalog\/wp-json\/wp\/v2\/media\/60035"}],"wp:attachment":[{"href":"https:\/\/www.hirtenberg-apotheke.at\/katalog\/wp-json\/wp\/v2\/media?parent=60033"}],"wp:term":[{"taxonomy":"product_brand","embeddable":true,"href":"https:\/\/www.hirtenberg-apotheke.at\/katalog\/wp-json\/wp\/v2\/product_brand?post=60033"},{"taxonomy":"product_cat","embeddable":true,"href":"https:\/\/www.hirtenberg-apotheke.at\/katalog\/wp-json\/wp\/v2\/product_cat?post=60033"},{"taxonomy":"product_tag","embeddable":true,"href":"https:\/\/www.hirtenberg-apotheke.at\/katalog\/wp-json\/wp\/v2\/product_tag?post=60033"}],"curies":[{"name":"wp","href":"https:\/\/api.w.org\/{rel}","templated":true}]}}