{"id":60042,"date":"2025-11-26T19:00:32","date_gmt":"2025-11-26T18:00:32","guid":{"rendered":"https:\/\/www.hirtenberg-apotheke.at\/katalog\/produkt\/darphin-ideal-resource-perfecting-smoothing-serum-30-ml\/"},"modified":"2025-11-26T19:01:02","modified_gmt":"2025-11-26T18:01:02","slug":"darphin-ideal-resource-perfecting-smoothing-serum-30-ml","status":"publish","type":"product","link":"https:\/\/www.hirtenberg-apotheke.at\/katalog\/produkt\/darphin-ideal-resource-perfecting-smoothing-serum-30-ml\/","title":{"rendered":"Darphin Ideal Resource Perfecting Smoothing Serum 30 ml"},"content":{"rendered":"<p>Ideal Resource Perfectin Smoothing ist ein Serum f\u00fcr perfekte Haut mit einem Pflanzen-Trio voller Power: Japanischer Staudenkn\u00f6terich, Tigergras und wei\u00dfer Hibiskus verleihen ein sp\u00fcrbar intensiver strahlendes, glatteres Hautbild, vermindern Poren und reduzieren feine Linien sowie Falten.<\/p>\n","protected":false},"excerpt":{"rendered":"<p>Ideal Resource Perfectin Smoothing ist ein Serum f\u00fcr perfekte Haut mit einem Pflanzen-Trio voller Power: Japanischer Staudenkn\u00f6terich, Tigergras und wei\u00dfer Hibiskus verleihen ein sp\u00fcrbar intensiver strahlendes, glatteres Hautbild, vermindern Poren und reduzieren feine Linien sowie Falten.<\/p>\n","protected":false},"featured_media":60044,"template":"","meta":{"_acf_changed":false},"product_brand":[],"product_cat":[295],"product_tag":[],"class_list":{"0":"post-60042","1":"product","2":"type-product","3":"status-publish","4":"has-post-thumbnail","6":"product_cat-d","7":"pa_packungsgroesse-30ml","9":"first","10":"instock","11":"shipping-taxable","12":"purchasable","13":"product-type-simple"},"acf":[],"_links":{"self":[{"href":"https:\/\/www.hirtenberg-apotheke.at\/katalog\/wp-json\/wp\/v2\/product\/60042","targetHints":{"allow":["GET"]}}],"collection":[{"href":"https:\/\/www.hirtenberg-apotheke.at\/katalog\/wp-json\/wp\/v2\/product"}],"about":[{"href":"https:\/\/www.hirtenberg-apotheke.at\/katalog\/wp-json\/wp\/v2\/types\/product"}],"wp:featuredmedia":[{"embeddable":true,"href":"https:\/\/www.hirtenberg-apotheke.at\/katalog\/wp-json\/wp\/v2\/media\/60044"}],"wp:attachment":[{"href":"https:\/\/www.hirtenberg-apotheke.at\/katalog\/wp-json\/wp\/v2\/media?parent=60042"}],"wp:term":[{"taxonomy":"product_brand","embeddable":true,"href":"https:\/\/www.hirtenberg-apotheke.at\/katalog\/wp-json\/wp\/v2\/product_brand?post=60042"},{"taxonomy":"product_cat","embeddable":true,"href":"https:\/\/www.hirtenberg-apotheke.at\/katalog\/wp-json\/wp\/v2\/product_cat?post=60042"},{"taxonomy":"product_tag","embeddable":true,"href":"https:\/\/www.hirtenberg-apotheke.at\/katalog\/wp-json\/wp\/v2\/product_tag?post=60042"}],"curies":[{"name":"wp","href":"https:\/\/api.w.org\/{rel}","templated":true}]}}