{"id":60075,"date":"2025-11-26T19:01:37","date_gmt":"2025-11-26T18:01:37","guid":{"rendered":"https:\/\/www.hirtenberg-apotheke.at\/katalog\/produkt\/histidin-500mg-kapseln\/"},"modified":"2025-11-26T19:01:45","modified_gmt":"2025-11-26T18:01:45","slug":"histidin-500mg-kapseln","status":"publish","type":"product","link":"https:\/\/www.hirtenberg-apotheke.at\/katalog\/produkt\/histidin-500mg-kapseln\/","title":{"rendered":"Histidin 500mg Kapseln"},"content":{"rendered":"<p>Gall Pharma Histidin 500 mg Kapseln 60 Stk. enthalten die semi-essentielle Aminos\u00e4ure L-Histidin, ist an der Bildung von Proteinen beteiligt und beeinflusst au\u00dferdem wichtige Stoffwechselreaktionen des menschlichen Organismus. In geringen Mengen wird sie vom K\u00f6rper selbst in der Leber gebildet, der Gro\u00dfteil muss jedoch mit der t\u00e4glichen Nahrung zugef\u00fchrt werden. Bei einer unausgewogenen Ern\u00e4hrung oder viel Stress kann es sinnvoll sein, L-Histidin beispielsweise in Kapselform zu supplementieren.<\/p>\n","protected":false},"excerpt":{"rendered":"<p>Gall Pharma Histidin 500 mg Kapseln 60 Stk. enthalten die semi-essentielle Aminos\u00e4ure L-Histidin, ist an der Bildung von Proteinen beteiligt und beeinflusst au\u00dferdem wichtige Stoffwechselreaktionen des menschlichen Organismus. In geringen Mengen wird sie vom K\u00f6rper selbst in der Leber gebildet, der Gro\u00dfteil muss jedoch mit der t\u00e4glichen Nahrung zugef\u00fchrt werden. Bei einer unausgewogenen Ern\u00e4hrung oder [&hellip;]<\/p>\n","protected":false},"featured_media":0,"template":"","meta":{"_acf_changed":false},"product_brand":[316],"product_cat":[330],"product_tag":[],"class_list":{"0":"post-60075","1":"product","2":"type-product","3":"status-publish","5":"product_brand-gall-pharma","6":"product_cat-h","7":"pa_packungsgroesse-60-stueck","9":"first","10":"instock","11":"shipping-taxable","12":"purchasable","13":"product-type-simple"},"acf":[],"_links":{"self":[{"href":"https:\/\/www.hirtenberg-apotheke.at\/katalog\/wp-json\/wp\/v2\/product\/60075","targetHints":{"allow":["GET"]}}],"collection":[{"href":"https:\/\/www.hirtenberg-apotheke.at\/katalog\/wp-json\/wp\/v2\/product"}],"about":[{"href":"https:\/\/www.hirtenberg-apotheke.at\/katalog\/wp-json\/wp\/v2\/types\/product"}],"wp:attachment":[{"href":"https:\/\/www.hirtenberg-apotheke.at\/katalog\/wp-json\/wp\/v2\/media?parent=60075"}],"wp:term":[{"taxonomy":"product_brand","embeddable":true,"href":"https:\/\/www.hirtenberg-apotheke.at\/katalog\/wp-json\/wp\/v2\/product_brand?post=60075"},{"taxonomy":"product_cat","embeddable":true,"href":"https:\/\/www.hirtenberg-apotheke.at\/katalog\/wp-json\/wp\/v2\/product_cat?post=60075"},{"taxonomy":"product_tag","embeddable":true,"href":"https:\/\/www.hirtenberg-apotheke.at\/katalog\/wp-json\/wp\/v2\/product_tag?post=60075"}],"curies":[{"name":"wp","href":"https:\/\/api.w.org\/{rel}","templated":true}]}}