{"id":60134,"date":"2025-11-26T19:02:53","date_gmt":"2025-11-26T18:02:53","guid":{"rendered":"https:\/\/www.hirtenberg-apotheke.at\/katalog\/produkt\/gall-pharma-zinkorotat-kapseln-120mg-30-stk\/"},"modified":"2025-11-26T19:03:10","modified_gmt":"2025-11-26T18:03:10","slug":"gall-pharma-zinkorotat-kapseln-120mg-30-stk","status":"publish","type":"product","link":"https:\/\/www.hirtenberg-apotheke.at\/katalog\/produkt\/gall-pharma-zinkorotat-kapseln-120mg-30-stk\/","title":{"rendered":"Gall Pharma Zinkorotat Kapseln 120mg 30 Stk."},"content":{"rendered":"<p>Zinkorotat 120 mg GPH Kapseln 120 mg Zinkorotat dihydrat, das entspricht 19,2 mg Zink. Zink tr\u00e4gt zu einer normalen Funktion des Immunsystems bei, hat eine Funktion bei der Zellteilung und tr\u00e4gt au\u00dferdem dazu bei, die Zellen vor oxidativem Stress zu sch\u00fctzen und normale Knochen, Haare, N\u00e4gel, Haut und Sehkraft zu erhalten. Ebenso tr\u00e4gt Zink zur Erhaltung eines normalen Testosteronspiegels im Blut und zu einer normalen Fruchtbarkeit und Reproduktion bei.<\/p>\n","protected":false},"excerpt":{"rendered":"<p>Zinkorotat 120 mg GPH Kapseln 120 mg Zinkorotat dihydrat, das entspricht 19,2 mg Zink. Zink tr\u00e4gt zu einer normalen Funktion des Immunsystems bei, hat eine Funktion bei der Zellteilung und tr\u00e4gt au\u00dferdem dazu bei, die Zellen vor oxidativem Stress zu sch\u00fctzen und normale Knochen, Haare, N\u00e4gel, Haut und Sehkraft zu erhalten. Ebenso tr\u00e4gt Zink zur [&hellip;]<\/p>\n","protected":false},"featured_media":60136,"template":"","meta":{"_acf_changed":false},"product_brand":[316],"product_cat":[328],"product_tag":[],"class_list":{"0":"post-60134","1":"product","2":"type-product","3":"status-publish","4":"has-post-thumbnail","6":"product_brand-gall-pharma","7":"product_cat-g","8":"pa_packungsgroesse-30-stueck","10":"first","11":"instock","12":"shipping-taxable","13":"purchasable","14":"product-type-simple"},"acf":[],"_links":{"self":[{"href":"https:\/\/www.hirtenberg-apotheke.at\/katalog\/wp-json\/wp\/v2\/product\/60134","targetHints":{"allow":["GET"]}}],"collection":[{"href":"https:\/\/www.hirtenberg-apotheke.at\/katalog\/wp-json\/wp\/v2\/product"}],"about":[{"href":"https:\/\/www.hirtenberg-apotheke.at\/katalog\/wp-json\/wp\/v2\/types\/product"}],"wp:featuredmedia":[{"embeddable":true,"href":"https:\/\/www.hirtenberg-apotheke.at\/katalog\/wp-json\/wp\/v2\/media\/60136"}],"wp:attachment":[{"href":"https:\/\/www.hirtenberg-apotheke.at\/katalog\/wp-json\/wp\/v2\/media?parent=60134"}],"wp:term":[{"taxonomy":"product_brand","embeddable":true,"href":"https:\/\/www.hirtenberg-apotheke.at\/katalog\/wp-json\/wp\/v2\/product_brand?post=60134"},{"taxonomy":"product_cat","embeddable":true,"href":"https:\/\/www.hirtenberg-apotheke.at\/katalog\/wp-json\/wp\/v2\/product_cat?post=60134"},{"taxonomy":"product_tag","embeddable":true,"href":"https:\/\/www.hirtenberg-apotheke.at\/katalog\/wp-json\/wp\/v2\/product_tag?post=60134"}],"curies":[{"name":"wp","href":"https:\/\/api.w.org\/{rel}","templated":true}]}}