{"id":60223,"date":"2025-11-26T19:04:35","date_gmt":"2025-11-26T18:04:35","guid":{"rendered":"https:\/\/www.hirtenberg-apotheke.at\/katalog\/produkt\/master-lin-gold-lippenbalsam-pearl-3-g\/"},"modified":"2025-11-26T19:05:23","modified_gmt":"2025-11-26T18:05:23","slug":"master-lin-gold-lippenbalsam-pearl-3-g","status":"publish","type":"product","link":"https:\/\/www.hirtenberg-apotheke.at\/katalog\/produkt\/master-lin-gold-lippenbalsam-pearl-3-g\/","title":{"rendered":"Master Lin Gold Lippenbalsam + Pearl 3 g"},"content":{"rendered":"<p>Mit diesem Balsam wird die zarte Haut der Lippen intensiv gepflegt und gleichzeitig gesch\u00fctzt. Die extravagante und einzigartige Formulierung aus edlem Feingold, dem Extrakt aus Perlen sowie sch\u00fctzende \u00d6le und S\u00fc\u00dfholzwurzelextrakt spenden Feuchtigkeit und unterst\u00fctzen die Regeneration auch trockener und rissiger Lippen. Ideal f\u00fcr den perfekten Kussmund.Anwendung: Morgens und abends auf die Lippen auftragen..<\/p>\n","protected":false},"excerpt":{"rendered":"<p>Mit diesem Balsam wird die zarte Haut der Lippen intensiv gepflegt und gleichzeitig gesch\u00fctzt. Die extravagante und einzigartige Formulierung aus edlem Feingold, dem Extrakt aus Perlen sowie sch\u00fctzende \u00d6le und S\u00fc\u00dfholzwurzelextrakt spenden Feuchtigkeit und unterst\u00fctzen die Regeneration auch trockener und rissiger Lippen. Ideal f\u00fcr den perfekten Kussmund.Anwendung: Morgens und abends auf die Lippen auftragen..<\/p>\n","protected":false},"featured_media":60225,"template":"","meta":{"_acf_changed":false},"product_brand":[],"product_cat":[308],"product_tag":[],"class_list":{"0":"post-60223","1":"product","2":"type-product","3":"status-publish","4":"has-post-thumbnail","6":"product_cat-m","7":"pa_packungsgroesse-1-stueck","9":"first","10":"instock","11":"shipping-taxable","12":"purchasable","13":"product-type-simple"},"acf":[],"_links":{"self":[{"href":"https:\/\/www.hirtenberg-apotheke.at\/katalog\/wp-json\/wp\/v2\/product\/60223","targetHints":{"allow":["GET"]}}],"collection":[{"href":"https:\/\/www.hirtenberg-apotheke.at\/katalog\/wp-json\/wp\/v2\/product"}],"about":[{"href":"https:\/\/www.hirtenberg-apotheke.at\/katalog\/wp-json\/wp\/v2\/types\/product"}],"wp:featuredmedia":[{"embeddable":true,"href":"https:\/\/www.hirtenberg-apotheke.at\/katalog\/wp-json\/wp\/v2\/media\/60225"}],"wp:attachment":[{"href":"https:\/\/www.hirtenberg-apotheke.at\/katalog\/wp-json\/wp\/v2\/media?parent=60223"}],"wp:term":[{"taxonomy":"product_brand","embeddable":true,"href":"https:\/\/www.hirtenberg-apotheke.at\/katalog\/wp-json\/wp\/v2\/product_brand?post=60223"},{"taxonomy":"product_cat","embeddable":true,"href":"https:\/\/www.hirtenberg-apotheke.at\/katalog\/wp-json\/wp\/v2\/product_cat?post=60223"},{"taxonomy":"product_tag","embeddable":true,"href":"https:\/\/www.hirtenberg-apotheke.at\/katalog\/wp-json\/wp\/v2\/product_tag?post=60223"}],"curies":[{"name":"wp","href":"https:\/\/api.w.org\/{rel}","templated":true}]}}