{"id":60256,"date":"2025-11-26T19:05:48","date_gmt":"2025-11-26T18:05:48","guid":{"rendered":"https:\/\/www.hirtenberg-apotheke.at\/katalog\/produkt\/life-light-kapseln-mito-vital-30-stk\/"},"modified":"2025-11-26T19:06:00","modified_gmt":"2025-11-26T18:06:00","slug":"life-light-kapseln-mito-vital-30-stk","status":"publish","type":"product","link":"https:\/\/www.hirtenberg-apotheke.at\/katalog\/produkt\/life-light-kapseln-mito-vital-30-stk\/","title":{"rendered":"Life Light Kapseln Mito Vital 30 Stk."},"content":{"rendered":"<p>Life Light Kapseln Mito Vital sind ein orthomolekularer Mikron\u00e4hrstoffkomplex mit zwei synergistischen N\u00e4hrstoffformeln f\u00fcr die zunehmende und abnehmende Mondphase. Der Name MitoVital steht f\u00fcr Vitalit\u00e4t und Lebensfreude in einem gesunden Organismus. Die Kapseln tragen einer normalen Herzfunktion und einem normalen Energiestoffwechsel ebenso wir zur normalen Funktion des Immunsystems bei.<\/p>\n","protected":false},"excerpt":{"rendered":"<p>Life Light Kapseln Mito Vital sind ein orthomolekularer Mikron\u00e4hrstoffkomplex mit zwei synergistischen N\u00e4hrstoffformeln f\u00fcr die zunehmende und abnehmende Mondphase. Der Name MitoVital steht f\u00fcr Vitalit\u00e4t und Lebensfreude in einem gesunden Organismus. Die Kapseln tragen einer normalen Herzfunktion und einem normalen Energiestoffwechsel ebenso wir zur normalen Funktion des Immunsystems bei.<\/p>\n","protected":false},"featured_media":0,"template":"","meta":{"_acf_changed":false},"product_brand":[],"product_cat":[317],"product_tag":[],"class_list":{"0":"post-60256","1":"product","2":"type-product","3":"status-publish","5":"product_cat-l","6":"pa_packungsgroesse-30-stueck","8":"first","9":"instock","10":"shipping-taxable","11":"purchasable","12":"product-type-simple"},"acf":[],"_links":{"self":[{"href":"https:\/\/www.hirtenberg-apotheke.at\/katalog\/wp-json\/wp\/v2\/product\/60256","targetHints":{"allow":["GET"]}}],"collection":[{"href":"https:\/\/www.hirtenberg-apotheke.at\/katalog\/wp-json\/wp\/v2\/product"}],"about":[{"href":"https:\/\/www.hirtenberg-apotheke.at\/katalog\/wp-json\/wp\/v2\/types\/product"}],"wp:attachment":[{"href":"https:\/\/www.hirtenberg-apotheke.at\/katalog\/wp-json\/wp\/v2\/media?parent=60256"}],"wp:term":[{"taxonomy":"product_brand","embeddable":true,"href":"https:\/\/www.hirtenberg-apotheke.at\/katalog\/wp-json\/wp\/v2\/product_brand?post=60256"},{"taxonomy":"product_cat","embeddable":true,"href":"https:\/\/www.hirtenberg-apotheke.at\/katalog\/wp-json\/wp\/v2\/product_cat?post=60256"},{"taxonomy":"product_tag","embeddable":true,"href":"https:\/\/www.hirtenberg-apotheke.at\/katalog\/wp-json\/wp\/v2\/product_tag?post=60256"}],"curies":[{"name":"wp","href":"https:\/\/api.w.org\/{rel}","templated":true}]}}