{"id":60265,"date":"2025-11-26T19:05:48","date_gmt":"2025-11-26T18:05:48","guid":{"rendered":"https:\/\/www.hirtenberg-apotheke.at\/katalog\/produkt\/kalium-200mg-kapseln-2\/"},"modified":"2025-11-26T19:06:17","modified_gmt":"2025-11-26T18:06:17","slug":"kalium-200mg-kapseln-2","status":"publish","type":"product","link":"https:\/\/www.hirtenberg-apotheke.at\/katalog\/produkt\/kalium-200mg-kapseln-2\/","title":{"rendered":"Kalium 200mg Kapseln"},"content":{"rendered":"<p>Kalium 200 mg GPH Kapseln enthalten Kalium in Form von Kaliumchlorid, das laut Healthclaims VO zu einer normalen Funktion des Nervensystems, zu einer normalen Muskelfunktion und zur Aufrechterhaltung eines normalen Blutdrucks beitr\u00e4gt. Ein Mangel an Kalium kann eine Reihe von St\u00f6rungen im K\u00f6rper bewirken, die relativ unspezifisch sind. Dieses Produkt erhalten Sie in den Packungsgr\u00f6\u00dfen 120 und 180 St\u00fcck.<\/p>\n","protected":false},"excerpt":{"rendered":"<p>Kalium 200 mg GPH Kapseln enthalten Kalium in Form von Kaliumchlorid, das laut Healthclaims VO zu einer normalen Funktion des Nervensystems, zu einer normalen Muskelfunktion und zur Aufrechterhaltung eines normalen Blutdrucks beitr\u00e4gt. Ein Mangel an Kalium kann eine Reihe von St\u00f6rungen im K\u00f6rper bewirken, die relativ unspezifisch sind. Dieses Produkt erhalten Sie in den Packungsgr\u00f6\u00dfen [&hellip;]<\/p>\n","protected":false},"featured_media":60267,"template":"","meta":{"_acf_changed":false},"product_brand":[316],"product_cat":[387],"product_tag":[],"class_list":{"0":"post-60265","1":"product","2":"type-product","3":"status-publish","4":"has-post-thumbnail","6":"product_brand-gall-pharma","7":"product_cat-k","8":"pa_packungsgroesse-120-stueck","10":"first","11":"instock","12":"shipping-taxable","13":"purchasable","14":"product-type-simple"},"acf":[],"_links":{"self":[{"href":"https:\/\/www.hirtenberg-apotheke.at\/katalog\/wp-json\/wp\/v2\/product\/60265","targetHints":{"allow":["GET"]}}],"collection":[{"href":"https:\/\/www.hirtenberg-apotheke.at\/katalog\/wp-json\/wp\/v2\/product"}],"about":[{"href":"https:\/\/www.hirtenberg-apotheke.at\/katalog\/wp-json\/wp\/v2\/types\/product"}],"wp:featuredmedia":[{"embeddable":true,"href":"https:\/\/www.hirtenberg-apotheke.at\/katalog\/wp-json\/wp\/v2\/media\/60267"}],"wp:attachment":[{"href":"https:\/\/www.hirtenberg-apotheke.at\/katalog\/wp-json\/wp\/v2\/media?parent=60265"}],"wp:term":[{"taxonomy":"product_brand","embeddable":true,"href":"https:\/\/www.hirtenberg-apotheke.at\/katalog\/wp-json\/wp\/v2\/product_brand?post=60265"},{"taxonomy":"product_cat","embeddable":true,"href":"https:\/\/www.hirtenberg-apotheke.at\/katalog\/wp-json\/wp\/v2\/product_cat?post=60265"},{"taxonomy":"product_tag","embeddable":true,"href":"https:\/\/www.hirtenberg-apotheke.at\/katalog\/wp-json\/wp\/v2\/product_tag?post=60265"}],"curies":[{"name":"wp","href":"https:\/\/api.w.org\/{rel}","templated":true}]}}