{"id":60273,"date":"2025-11-26T19:06:16","date_gmt":"2025-11-26T18:06:16","guid":{"rendered":"https:\/\/www.hirtenberg-apotheke.at\/katalog\/produkt\/ensbona-handcreme-75-ml-tube\/"},"modified":"2025-11-26T19:06:22","modified_gmt":"2025-11-26T18:06:22","slug":"ensbona-handcreme-75-ml-tube","status":"publish","type":"product","link":"https:\/\/www.hirtenberg-apotheke.at\/katalog\/produkt\/ensbona-handcreme-75-ml-tube\/","title":{"rendered":"Ensbona Handcreme 75 ml Tube"},"content":{"rendered":"<p>Ensbona Handcreme 75 ml Tube mit Sanddorn\u00f6l und Panthenol versorgt sensible und strapazierte H\u00e4nde mit hochwertigen Vitaminen und unges\u00e4ttigten Fetts\u00e4uren. Die Creme spendet Feuchtigkeit f\u00fcr die Haut und das Nagelbett &#8211; jetzt die Ensbona Handcreme mit fruchtig-frischem Duft bestellen!<\/p>\n","protected":false},"excerpt":{"rendered":"<p>Ensbona Handcreme 75 ml Tube mit Sanddorn\u00f6l und Panthenol versorgt sensible und strapazierte H\u00e4nde mit hochwertigen Vitaminen und unges\u00e4ttigten Fetts\u00e4uren. Die Creme spendet Feuchtigkeit f\u00fcr die Haut und das Nagelbett &#8211; jetzt die Ensbona Handcreme mit fruchtig-frischem Duft bestellen!<\/p>\n","protected":false},"featured_media":60275,"template":"","meta":{"_acf_changed":false},"product_brand":[],"product_cat":[307],"product_tag":[],"class_list":{"0":"post-60273","1":"product","2":"type-product","3":"status-publish","4":"has-post-thumbnail","6":"product_cat-e","7":"pa_farbe-weiss-gelb","8":"pa_geschmack-sanddorn","9":"pa_packungsgroesse-75ml","11":"first","12":"instock","13":"shipping-taxable","14":"purchasable","15":"product-type-simple"},"acf":[],"_links":{"self":[{"href":"https:\/\/www.hirtenberg-apotheke.at\/katalog\/wp-json\/wp\/v2\/product\/60273","targetHints":{"allow":["GET"]}}],"collection":[{"href":"https:\/\/www.hirtenberg-apotheke.at\/katalog\/wp-json\/wp\/v2\/product"}],"about":[{"href":"https:\/\/www.hirtenberg-apotheke.at\/katalog\/wp-json\/wp\/v2\/types\/product"}],"wp:featuredmedia":[{"embeddable":true,"href":"https:\/\/www.hirtenberg-apotheke.at\/katalog\/wp-json\/wp\/v2\/media\/60275"}],"wp:attachment":[{"href":"https:\/\/www.hirtenberg-apotheke.at\/katalog\/wp-json\/wp\/v2\/media?parent=60273"}],"wp:term":[{"taxonomy":"product_brand","embeddable":true,"href":"https:\/\/www.hirtenberg-apotheke.at\/katalog\/wp-json\/wp\/v2\/product_brand?post=60273"},{"taxonomy":"product_cat","embeddable":true,"href":"https:\/\/www.hirtenberg-apotheke.at\/katalog\/wp-json\/wp\/v2\/product_cat?post=60273"},{"taxonomy":"product_tag","embeddable":true,"href":"https:\/\/www.hirtenberg-apotheke.at\/katalog\/wp-json\/wp\/v2\/product_tag?post=60273"}],"curies":[{"name":"wp","href":"https:\/\/api.w.org\/{rel}","templated":true}]}}