{"id":60295,"date":"2025-11-26T19:06:16","date_gmt":"2025-11-26T18:06:16","guid":{"rendered":"https:\/\/www.hirtenberg-apotheke.at\/katalog\/produkt\/darphin-ideal-resource-light-re-birth-overnight-cream-50-ml\/"},"modified":"2025-11-26T19:06:43","modified_gmt":"2025-11-26T18:06:43","slug":"darphin-ideal-resource-light-re-birth-overnight-cream-50-ml","status":"publish","type":"product","link":"https:\/\/www.hirtenberg-apotheke.at\/katalog\/produkt\/darphin-ideal-resource-light-re-birth-overnight-cream-50-ml\/","title":{"rendered":"Darphin Ideal Resource Light Re-Birth Overnight Cream 50 ml"},"content":{"rendered":"<p>Ideal Resource Light Re-Birth Overnight Cream l\u00e4sst die Haut glatter aussehen, um ein feineres Hautbild und einen ebenm\u00e4\u00dfigen Teint zu verleihen, der weniger m\u00fcde wirkt.<\/p>\n","protected":false},"excerpt":{"rendered":"<p>Ideal Resource Light Re-Birth Overnight Cream l\u00e4sst die Haut glatter aussehen, um ein feineres Hautbild und einen ebenm\u00e4\u00dfigen Teint zu verleihen, der weniger m\u00fcde wirkt.<\/p>\n","protected":false},"featured_media":60297,"template":"","meta":{"_acf_changed":false},"product_brand":[],"product_cat":[295],"product_tag":[],"class_list":{"0":"post-60295","1":"product","2":"type-product","3":"status-publish","4":"has-post-thumbnail","6":"product_cat-d","7":"pa_packungsgroesse-50ml","9":"first","10":"instock","11":"shipping-taxable","12":"purchasable","13":"product-type-simple"},"acf":[],"_links":{"self":[{"href":"https:\/\/www.hirtenberg-apotheke.at\/katalog\/wp-json\/wp\/v2\/product\/60295","targetHints":{"allow":["GET"]}}],"collection":[{"href":"https:\/\/www.hirtenberg-apotheke.at\/katalog\/wp-json\/wp\/v2\/product"}],"about":[{"href":"https:\/\/www.hirtenberg-apotheke.at\/katalog\/wp-json\/wp\/v2\/types\/product"}],"wp:featuredmedia":[{"embeddable":true,"href":"https:\/\/www.hirtenberg-apotheke.at\/katalog\/wp-json\/wp\/v2\/media\/60297"}],"wp:attachment":[{"href":"https:\/\/www.hirtenberg-apotheke.at\/katalog\/wp-json\/wp\/v2\/media?parent=60295"}],"wp:term":[{"taxonomy":"product_brand","embeddable":true,"href":"https:\/\/www.hirtenberg-apotheke.at\/katalog\/wp-json\/wp\/v2\/product_brand?post=60295"},{"taxonomy":"product_cat","embeddable":true,"href":"https:\/\/www.hirtenberg-apotheke.at\/katalog\/wp-json\/wp\/v2\/product_cat?post=60295"},{"taxonomy":"product_tag","embeddable":true,"href":"https:\/\/www.hirtenberg-apotheke.at\/katalog\/wp-json\/wp\/v2\/product_tag?post=60295"}],"curies":[{"name":"wp","href":"https:\/\/api.w.org\/{rel}","templated":true}]}}