{"id":60323,"date":"2025-11-26T19:06:44","date_gmt":"2025-11-26T18:06:44","guid":{"rendered":"https:\/\/www.hirtenberg-apotheke.at\/katalog\/produkt\/schroepfkopf-glas-1-stk-30-mm\/"},"modified":"2025-11-26T19:07:07","modified_gmt":"2025-11-26T18:07:07","slug":"schroepfkopf-glas-1-stk-30-mm","status":"publish","type":"product","link":"https:\/\/www.hirtenberg-apotheke.at\/katalog\/produkt\/schroepfkopf-glas-1-stk-30-mm\/","title":{"rendered":"Schr\u00f6pfkopf Glas 1 Stk. 30 mm"},"content":{"rendered":"<p>Schr\u00f6pfkopf Glas dient als Hilfsmittel zum Erzeugen eines Unterdruckes beim Schr\u00f6pfen. Mit diesem Unterdruck kann die ausleitende Schr\u00f6pftherapie die gew\u00fcnschte Entgiftung erzielen. Die Schr\u00f6pfgl\u00e4ser sind besonders f\u00fcr trockenes Schr\u00f6pfen gedacht. Genauso lassen sie sich f\u00fcr die Schr\u00f6pfkopfmassage einsetzen.<\/p>\n","protected":false},"excerpt":{"rendered":"<p>Schr\u00f6pfkopf Glas dient als Hilfsmittel zum Erzeugen eines Unterdruckes beim Schr\u00f6pfen. Mit diesem Unterdruck kann die ausleitende Schr\u00f6pftherapie die gew\u00fcnschte Entgiftung erzielen. Die Schr\u00f6pfgl\u00e4ser sind besonders f\u00fcr trockenes Schr\u00f6pfen gedacht. Genauso lassen sie sich f\u00fcr die Schr\u00f6pfkopfmassage einsetzen.<\/p>\n","protected":false},"featured_media":0,"template":"","meta":{"_acf_changed":false},"product_brand":[],"product_cat":[303],"product_tag":[],"class_list":{"0":"post-60323","1":"product","2":"type-product","3":"status-publish","5":"product_cat-s","6":"pa_packungsgroesse-1-stueck","8":"first","9":"instock","10":"shipping-taxable","11":"purchasable","12":"product-type-simple"},"acf":[],"_links":{"self":[{"href":"https:\/\/www.hirtenberg-apotheke.at\/katalog\/wp-json\/wp\/v2\/product\/60323","targetHints":{"allow":["GET"]}}],"collection":[{"href":"https:\/\/www.hirtenberg-apotheke.at\/katalog\/wp-json\/wp\/v2\/product"}],"about":[{"href":"https:\/\/www.hirtenberg-apotheke.at\/katalog\/wp-json\/wp\/v2\/types\/product"}],"wp:attachment":[{"href":"https:\/\/www.hirtenberg-apotheke.at\/katalog\/wp-json\/wp\/v2\/media?parent=60323"}],"wp:term":[{"taxonomy":"product_brand","embeddable":true,"href":"https:\/\/www.hirtenberg-apotheke.at\/katalog\/wp-json\/wp\/v2\/product_brand?post=60323"},{"taxonomy":"product_cat","embeddable":true,"href":"https:\/\/www.hirtenberg-apotheke.at\/katalog\/wp-json\/wp\/v2\/product_cat?post=60323"},{"taxonomy":"product_tag","embeddable":true,"href":"https:\/\/www.hirtenberg-apotheke.at\/katalog\/wp-json\/wp\/v2\/product_tag?post=60323"}],"curies":[{"name":"wp","href":"https:\/\/api.w.org\/{rel}","templated":true}]}}