{"id":60478,"date":"2025-11-26T19:09:26","date_gmt":"2025-11-26T18:09:26","guid":{"rendered":"https:\/\/www.hirtenberg-apotheke.at\/katalog\/produkt\/bios-gruener-tee-extrakt-kapseln\/"},"modified":"2025-11-26T19:10:12","modified_gmt":"2025-11-26T18:10:12","slug":"bios-gruener-tee-extrakt-kapseln","status":"publish","type":"product","link":"https:\/\/www.hirtenberg-apotheke.at\/katalog\/produkt\/bios-gruener-tee-extrakt-kapseln\/","title":{"rendered":"Bios Gr\u00fcner Tee Extrakt Kapseln"},"content":{"rendered":"<p>Bios Gr\u00fcner Tee Extrakt Kapseln enthalten Gr\u00fcnteeextrakt in einer Hartgelatinekapsel. Gr\u00fcner Tee geh\u00f6rt wie der Schwarze Tee zur Familie der Teegew\u00e4chse. Die Inhaltsstoffe des Gr\u00fcnen Tees sind neben Vitaminen, Mineralstoffen und Spurenelementen auch die biologisch aktiven Verbindungen Coffein, Theophyllin, Theobromin und die sekund\u00e4ren Pflanzenstoffe Flavonoide.<\/p>\n","protected":false},"excerpt":{"rendered":"<p>Bios Gr\u00fcner Tee Extrakt Kapseln enthalten Gr\u00fcnteeextrakt in einer Hartgelatinekapsel. Gr\u00fcner Tee geh\u00f6rt wie der Schwarze Tee zur Familie der Teegew\u00e4chse. Die Inhaltsstoffe des Gr\u00fcnen Tees sind neben Vitaminen, Mineralstoffen und Spurenelementen auch die biologisch aktiven Verbindungen Coffein, Theophyllin, Theobromin und die sekund\u00e4ren Pflanzenstoffe Flavonoide.<\/p>\n","protected":false},"featured_media":60480,"template":"","meta":{"_acf_changed":false},"product_brand":[],"product_cat":[292],"product_tag":[],"class_list":{"0":"post-60478","1":"product","2":"type-product","3":"status-publish","4":"has-post-thumbnail","6":"product_cat-b","7":"pa_packungsgroesse-100-stueck","9":"first","10":"instock","11":"shipping-taxable","12":"purchasable","13":"product-type-simple"},"acf":[],"_links":{"self":[{"href":"https:\/\/www.hirtenberg-apotheke.at\/katalog\/wp-json\/wp\/v2\/product\/60478","targetHints":{"allow":["GET"]}}],"collection":[{"href":"https:\/\/www.hirtenberg-apotheke.at\/katalog\/wp-json\/wp\/v2\/product"}],"about":[{"href":"https:\/\/www.hirtenberg-apotheke.at\/katalog\/wp-json\/wp\/v2\/types\/product"}],"wp:featuredmedia":[{"embeddable":true,"href":"https:\/\/www.hirtenberg-apotheke.at\/katalog\/wp-json\/wp\/v2\/media\/60480"}],"wp:attachment":[{"href":"https:\/\/www.hirtenberg-apotheke.at\/katalog\/wp-json\/wp\/v2\/media?parent=60478"}],"wp:term":[{"taxonomy":"product_brand","embeddable":true,"href":"https:\/\/www.hirtenberg-apotheke.at\/katalog\/wp-json\/wp\/v2\/product_brand?post=60478"},{"taxonomy":"product_cat","embeddable":true,"href":"https:\/\/www.hirtenberg-apotheke.at\/katalog\/wp-json\/wp\/v2\/product_cat?post=60478"},{"taxonomy":"product_tag","embeddable":true,"href":"https:\/\/www.hirtenberg-apotheke.at\/katalog\/wp-json\/wp\/v2\/product_tag?post=60478"}],"curies":[{"name":"wp","href":"https:\/\/api.w.org\/{rel}","templated":true}]}}