{"id":60644,"date":"2025-11-26T19:12:50","date_gmt":"2025-11-26T18:12:50","guid":{"rendered":"https:\/\/www.hirtenberg-apotheke.at\/katalog\/produkt\/darphin-professional-care-age-defying-dermabrasion-50-ml\/"},"modified":"2025-11-26T19:13:24","modified_gmt":"2025-11-26T18:13:24","slug":"darphin-professional-care-age-defying-dermabrasion-50-ml","status":"publish","type":"product","link":"https:\/\/www.hirtenberg-apotheke.at\/katalog\/produkt\/darphin-professional-care-age-defying-dermabrasion-50-ml\/","title":{"rendered":"Darphin Professional Care Age-Defying Dermabrasion 50 ml"},"content":{"rendered":"<p>Age-Defying Dermabrasion von Darphin ist ein Gesichtspeeling von mittlerer Intensit\u00e4t und eignet sich deshalb selbst f\u00fcr empfindliche Haut &#8211; nat\u00fcrlich exfolierende Partikel und die zarte Textur der Creme sorgen daf\u00fcr. Die sanfte Formel enth\u00e4lt au\u00dferdem Silica- und Lavaextrakte, die porenverkleinernd wirken, die Haut gl\u00e4tten und Pigmentflecken minimieren.<\/p>\n","protected":false},"excerpt":{"rendered":"<p>Age-Defying Dermabrasion von Darphin ist ein Gesichtspeeling von mittlerer Intensit\u00e4t und eignet sich deshalb selbst f\u00fcr empfindliche Haut &#8211; nat\u00fcrlich exfolierende Partikel und die zarte Textur der Creme sorgen daf\u00fcr. Die sanfte Formel enth\u00e4lt au\u00dferdem Silica- und Lavaextrakte, die porenverkleinernd wirken, die Haut gl\u00e4tten und Pigmentflecken minimieren.<\/p>\n","protected":false},"featured_media":60646,"template":"","meta":{"_acf_changed":false},"product_brand":[],"product_cat":[295],"product_tag":[],"class_list":{"0":"post-60644","1":"product","2":"type-product","3":"status-publish","4":"has-post-thumbnail","6":"product_cat-d","7":"pa_packungsgroesse-50ml","9":"first","10":"instock","11":"shipping-taxable","12":"purchasable","13":"product-type-simple"},"acf":[],"_links":{"self":[{"href":"https:\/\/www.hirtenberg-apotheke.at\/katalog\/wp-json\/wp\/v2\/product\/60644","targetHints":{"allow":["GET"]}}],"collection":[{"href":"https:\/\/www.hirtenberg-apotheke.at\/katalog\/wp-json\/wp\/v2\/product"}],"about":[{"href":"https:\/\/www.hirtenberg-apotheke.at\/katalog\/wp-json\/wp\/v2\/types\/product"}],"wp:featuredmedia":[{"embeddable":true,"href":"https:\/\/www.hirtenberg-apotheke.at\/katalog\/wp-json\/wp\/v2\/media\/60646"}],"wp:attachment":[{"href":"https:\/\/www.hirtenberg-apotheke.at\/katalog\/wp-json\/wp\/v2\/media?parent=60644"}],"wp:term":[{"taxonomy":"product_brand","embeddable":true,"href":"https:\/\/www.hirtenberg-apotheke.at\/katalog\/wp-json\/wp\/v2\/product_brand?post=60644"},{"taxonomy":"product_cat","embeddable":true,"href":"https:\/\/www.hirtenberg-apotheke.at\/katalog\/wp-json\/wp\/v2\/product_cat?post=60644"},{"taxonomy":"product_tag","embeddable":true,"href":"https:\/\/www.hirtenberg-apotheke.at\/katalog\/wp-json\/wp\/v2\/product_tag?post=60644"}],"curies":[{"name":"wp","href":"https:\/\/api.w.org\/{rel}","templated":true}]}}