{"id":60652,"date":"2025-11-26T19:13:26","date_gmt":"2025-11-26T18:13:26","guid":{"rendered":"https:\/\/www.hirtenberg-apotheke.at\/katalog\/produkt\/kneipp-gesichtsbad-100-ml-tiefenentspannung\/"},"modified":"2025-11-26T19:13:35","modified_gmt":"2025-11-26T18:13:35","slug":"kneipp-gesichtsbad-100-ml-tiefenentspannung","status":"publish","type":"product","link":"https:\/\/www.hirtenberg-apotheke.at\/katalog\/produkt\/kneipp-gesichtsbad-100-ml-tiefenentspannung\/","title":{"rendered":"Kneipp Gesichtsbad 100 ml Tiefenentspannung"},"content":{"rendered":"<p>Das Kneipp\u00ae Bade-Essenz Tiefenentspannung mit nat\u00fcrlichem \u00e4therischem Patchouli\u00f6l und wertvollem Sandelholzextrakt f\u00fchrt Sie in eine tiefe Entspannung und l\u00e4sst Ihren Geist zur Ruhe kommen.<\/p>\n","protected":false},"excerpt":{"rendered":"<p>Das Kneipp\u00ae Bade-Essenz Tiefenentspannung mit nat\u00fcrlichem \u00e4therischem Patchouli\u00f6l und wertvollem Sandelholzextrakt f\u00fchrt Sie in eine tiefe Entspannung und l\u00e4sst Ihren Geist zur Ruhe kommen.<\/p>\n","protected":false},"featured_media":0,"template":"","meta":{"_acf_changed":false},"product_brand":[680],"product_cat":[387],"product_tag":[],"class_list":{"0":"post-60652","1":"product","2":"type-product","3":"status-publish","5":"product_brand-kneipp","6":"product_cat-k","7":"pa_packungsgroesse-100ml","9":"first","10":"instock","11":"shipping-taxable","12":"purchasable","13":"product-type-simple"},"acf":[],"_links":{"self":[{"href":"https:\/\/www.hirtenberg-apotheke.at\/katalog\/wp-json\/wp\/v2\/product\/60652","targetHints":{"allow":["GET"]}}],"collection":[{"href":"https:\/\/www.hirtenberg-apotheke.at\/katalog\/wp-json\/wp\/v2\/product"}],"about":[{"href":"https:\/\/www.hirtenberg-apotheke.at\/katalog\/wp-json\/wp\/v2\/types\/product"}],"wp:attachment":[{"href":"https:\/\/www.hirtenberg-apotheke.at\/katalog\/wp-json\/wp\/v2\/media?parent=60652"}],"wp:term":[{"taxonomy":"product_brand","embeddable":true,"href":"https:\/\/www.hirtenberg-apotheke.at\/katalog\/wp-json\/wp\/v2\/product_brand?post=60652"},{"taxonomy":"product_cat","embeddable":true,"href":"https:\/\/www.hirtenberg-apotheke.at\/katalog\/wp-json\/wp\/v2\/product_cat?post=60652"},{"taxonomy":"product_tag","embeddable":true,"href":"https:\/\/www.hirtenberg-apotheke.at\/katalog\/wp-json\/wp\/v2\/product_tag?post=60652"}],"curies":[{"name":"wp","href":"https:\/\/api.w.org\/{rel}","templated":true}]}}