{"id":60674,"date":"2025-11-26T19:13:26","date_gmt":"2025-11-26T18:13:26","guid":{"rendered":"https:\/\/www.hirtenberg-apotheke.at\/katalog\/produkt\/stimaral-kraeuterextrakt-tropfen-30-ml\/"},"modified":"2025-11-26T19:14:15","modified_gmt":"2025-11-26T18:14:15","slug":"stimaral-kraeuterextrakt-tropfen-30-ml","status":"publish","type":"product","link":"https:\/\/www.hirtenberg-apotheke.at\/katalog\/produkt\/stimaral-kraeuterextrakt-tropfen-30-ml\/","title":{"rendered":"Stimaral Kr\u00e4uterextrakt Tropfen 30 ml"},"content":{"rendered":"<p>Stimeral Kr\u00e4uterextrakt Tropfen sind f\u00fcr alle geeignet, die an einem Energiemangel leiden. Dieses Mittel mit kr\u00e4ftigender und adaptogener Wirkung stimuliert ohne Koffein, harmonisiert und schont dabei den K\u00f6rper.<\/p>\n","protected":false},"excerpt":{"rendered":"<p>Stimeral Kr\u00e4uterextrakt Tropfen sind f\u00fcr alle geeignet, die an einem Energiemangel leiden. Dieses Mittel mit kr\u00e4ftigender und adaptogener Wirkung stimuliert ohne Koffein, harmonisiert und schont dabei den K\u00f6rper.<\/p>\n","protected":false},"featured_media":60676,"template":"","meta":{"_acf_changed":false},"product_brand":[],"product_cat":[303],"product_tag":[],"class_list":{"0":"post-60674","1":"product","2":"type-product","3":"status-publish","4":"has-post-thumbnail","6":"product_cat-s","7":"pa_packungsgroesse-30ml","9":"first","10":"instock","11":"shipping-taxable","12":"purchasable","13":"product-type-simple"},"acf":[],"_links":{"self":[{"href":"https:\/\/www.hirtenberg-apotheke.at\/katalog\/wp-json\/wp\/v2\/product\/60674","targetHints":{"allow":["GET"]}}],"collection":[{"href":"https:\/\/www.hirtenberg-apotheke.at\/katalog\/wp-json\/wp\/v2\/product"}],"about":[{"href":"https:\/\/www.hirtenberg-apotheke.at\/katalog\/wp-json\/wp\/v2\/types\/product"}],"wp:featuredmedia":[{"embeddable":true,"href":"https:\/\/www.hirtenberg-apotheke.at\/katalog\/wp-json\/wp\/v2\/media\/60676"}],"wp:attachment":[{"href":"https:\/\/www.hirtenberg-apotheke.at\/katalog\/wp-json\/wp\/v2\/media?parent=60674"}],"wp:term":[{"taxonomy":"product_brand","embeddable":true,"href":"https:\/\/www.hirtenberg-apotheke.at\/katalog\/wp-json\/wp\/v2\/product_brand?post=60674"},{"taxonomy":"product_cat","embeddable":true,"href":"https:\/\/www.hirtenberg-apotheke.at\/katalog\/wp-json\/wp\/v2\/product_cat?post=60674"},{"taxonomy":"product_tag","embeddable":true,"href":"https:\/\/www.hirtenberg-apotheke.at\/katalog\/wp-json\/wp\/v2\/product_tag?post=60674"}],"curies":[{"name":"wp","href":"https:\/\/api.w.org\/{rel}","templated":true}]}}