{"id":60694,"date":"2025-11-26T19:14:17","date_gmt":"2025-11-26T18:14:17","guid":{"rendered":"https:\/\/www.hirtenberg-apotheke.at\/katalog\/produkt\/mascuflex-latexfrei-30-stk-gross\/"},"modified":"2025-11-26T19:14:37","modified_gmt":"2025-11-26T18:14:37","slug":"mascuflex-latexfrei-30-stk-gross","status":"publish","type":"product","link":"https:\/\/www.hirtenberg-apotheke.at\/katalog\/produkt\/mascuflex-latexfrei-30-stk-gross\/","title":{"rendered":"Mascuflex Latexfrei  30 Stk. gro\u00df"},"content":{"rendered":"<p>Mascuflex ist ein selbsthaftendes Urinal-Kondom, welches bestens geeignet ist f\u00fcr Taucher, Extremsportler und Flieger, die es sich nicht leisten k\u00f6nnen, eine Pinkelpause einzulegen. Es ist aus hautfreundlichem Silikon gefertigt und somit auch f\u00fcr Allergiker zum empfehlen. H\u00e4lt auch beim Schwitzen oder im Nassen sicher.<\/p>\n","protected":false},"excerpt":{"rendered":"<p>Mascuflex ist ein selbsthaftendes Urinal-Kondom, welches bestens geeignet ist f\u00fcr Taucher, Extremsportler und Flieger, die es sich nicht leisten k\u00f6nnen, eine Pinkelpause einzulegen. Es ist aus hautfreundlichem Silikon gefertigt und somit auch f\u00fcr Allergiker zum empfehlen. H\u00e4lt auch beim Schwitzen oder im Nassen sicher.<\/p>\n","protected":false},"featured_media":0,"template":"","meta":{"_acf_changed":false},"product_brand":[],"product_cat":[308],"product_tag":[],"class_list":{"0":"post-60694","1":"product","2":"type-product","3":"status-publish","5":"product_cat-m","6":"pa_packungsgroesse-30-stueck","8":"first","9":"instock","10":"shipping-taxable","11":"purchasable","12":"product-type-simple"},"acf":[],"_links":{"self":[{"href":"https:\/\/www.hirtenberg-apotheke.at\/katalog\/wp-json\/wp\/v2\/product\/60694","targetHints":{"allow":["GET"]}}],"collection":[{"href":"https:\/\/www.hirtenberg-apotheke.at\/katalog\/wp-json\/wp\/v2\/product"}],"about":[{"href":"https:\/\/www.hirtenberg-apotheke.at\/katalog\/wp-json\/wp\/v2\/types\/product"}],"wp:attachment":[{"href":"https:\/\/www.hirtenberg-apotheke.at\/katalog\/wp-json\/wp\/v2\/media?parent=60694"}],"wp:term":[{"taxonomy":"product_brand","embeddable":true,"href":"https:\/\/www.hirtenberg-apotheke.at\/katalog\/wp-json\/wp\/v2\/product_brand?post=60694"},{"taxonomy":"product_cat","embeddable":true,"href":"https:\/\/www.hirtenberg-apotheke.at\/katalog\/wp-json\/wp\/v2\/product_cat?post=60694"},{"taxonomy":"product_tag","embeddable":true,"href":"https:\/\/www.hirtenberg-apotheke.at\/katalog\/wp-json\/wp\/v2\/product_tag?post=60694"}],"curies":[{"name":"wp","href":"https:\/\/api.w.org\/{rel}","templated":true}]}}